{"id":98,"date":"2020-07-13T23:42:15","date_gmt":"2020-07-13T21:42:15","guid":{"rendered":"https:\/\/dfcm.eu\/?page_id=98"},"modified":"2020-07-14T01:17:30","modified_gmt":"2020-07-13T23:17:30","slug":"mci-euroventures","status":"publish","type":"page","link":"https:\/\/dfcm.eu\/en\/aktualnosci\/mci-euroventures\/","title":{"rendered":"MCI.EuroVentures"},"content":{"rendered":"<p>[et_pb_section fb_built=&#8221;1&#8243; fullwidth=&#8221;on&#8221; admin_label=&#8221;Page Header&#8221; _builder_version=&#8221;4.5.0&#8243; background_enable_image=&#8221;off&#8221; parallax=&#8221;on&#8221; bottom_divider_style=&#8221;slant2&#8243; bottom_divider_color=&#8221;#ffffff&#8221; bottom_divider_height_tablet=&#8221;40px&#8221; bottom_divider_height_phone=&#8221;20px&#8221; bottom_divider_height_last_edited=&#8221;on|phone&#8221; global_module=&#8221;59&#8243;][et_pb_fullwidth_image src=&#8221;https:\/\/dfcm.eu\/wp-content\/uploads\/2020\/07\/banner_top_f.jpg&#8221; title_text=&#8221;banner_top_f&#8221; _builder_version=&#8221;4.5.0&#8243; _module_preset=&#8221;default&#8221;][\/et_pb_fullwidth_image][\/et_pb_section][et_pb_section fb_built=&#8221;1&#8243; _builder_version=&#8221;4.5.0&#8243; _module_preset=&#8221;default&#8221; custom_padding=&#8221;1px||3px|||&#8221;][et_pb_row _builder_version=&#8221;4.5.0&#8243; _module_preset=&#8221;default&#8221;][et_pb_column type=&#8221;4_4&#8243; _builder_version=&#8221;4.5.0&#8243; _module_preset=&#8221;default&#8221;][et_pb_text _builder_version=&#8221;4.5.0&#8243; _module_preset=&#8221;default&#8221; header_font=&#8221;Montserrat||||||||&#8221; header_font_size=&#8221;39px&#8221; header_line_height=&#8221;1.5em&#8221; header_4_font_size=&#8221;20px&#8221; header_4_line_height=&#8221;1.5em&#8221;]<\/p>\n<h1 style=\"text-align: justify;\">MCI.EuroVentures Completes Partial Sale of Stake in Netrisk to TA Associates<\/h1>\n<h4 style=\"text-align: justify;\">WARSAW and BUDAPEST, 8 January 2020 \u2013 MCI Group, a leading Central European private equity firm with headquarters in Warsaw (Poland), announced today that their Fund MCI.EuroVentures is selling a portion of its shares in Netrisk, the leading online insurance brokerage in Hungary, to global growth private equity firm TA Associates for EUR 55 million (PLN 235 million). As a result of the partial exit, MCI.EuroVentures (buyout fund of MCI Group) has realized a return on investment of 3.0x CoC and 73% IRR.<\/h4>\n<p>[\/et_pb_text][\/et_pb_column][\/et_pb_row][et_pb_row _builder_version=&#8221;4.5.0&#8243; _module_preset=&#8221;default&#8221; custom_padding=&#8221;3px|||||&#8221;][et_pb_column type=&#8221;4_4&#8243; _builder_version=&#8221;4.5.0&#8243; _module_preset=&#8221;default&#8221;][et_pb_image src=&#8221;https:\/\/dfcm.eu\/wp-content\/uploads\/2020\/07\/wykresy.jpg&#8221; title_text=&#8221;wykresy&#8221; align=&#8221;center&#8221; _builder_version=&#8221;4.5.0&#8243; _module_preset=&#8221;default&#8221;][\/et_pb_image][\/et_pb_column][\/et_pb_row][et_pb_row _builder_version=&#8221;4.5.0&#8243; _module_preset=&#8221;default&#8221; custom_margin=&#8221;-9px|auto||auto||&#8221; custom_padding=&#8221;4px|||||&#8221;][et_pb_column type=&#8221;4_4&#8243; _builder_version=&#8221;4.5.0&#8243; _module_preset=&#8221;default&#8221;][et_pb_text _builder_version=&#8221;4.5.0&#8243; _module_preset=&#8221;default&#8221; text_text_color=&#8221;#000000&#8243; header_5_font_size=&#8221;15px&#8221; header_5_line_height=&#8221;1.5em&#8221;]<\/p>\n<ul>\n<li style=\"text-align: justify;\">MCI Group, one of the leading investors in the Central and Eastern European (EU-CEE) region,\nremains an important investor in Netrisk and is retaining a 23.7% stake in the company to\nactively help build value for the insurtech leader on a larger, regional scale.<\/li>\n<li style=\"text-align: justify;\">TA Associates and Netrisk\u2019s management will hold 75% and 1.3% of the company\u2019s shares,\nrespectively.<\/li>\n<li style=\"text-align: justify;\">Minority shareholder AMC Capital IV S.c.Sp., advised by Mezzanine Management, is selling all of its shares in Netrisk.<\/li>\n<li style=\"text-align: justify;\">TA Associates is one of the most experienced global growth private equity firms, having raised USD 33.5 billion in capital since its founding in 1968, and has a long history of investing in companies focused on the digital economy.<\/li>\n<li style=\"text-align: justify;\">In addition to sustained organic growth, Netrisk will consider acquisition opportunities in CEE,\nincluding online, multi-channel and offline companies involved in the distribution of personalline insurance products.<\/li>\n<\/ul>\n<p style=\"text-align: justify;\">MCI.EuroVentures invested in Netrisk in 2017. The non-life insurance market in Hungary is estimated at USD 1.8 billion, of which the online channel accounts for more than 20%, which is significantly more than other countries in the region, including Poland. As a whole, the CEE region lags Western Europe significantly in digital insurance distribution, providing an opportunity for further market development in this region, in line with the strong trend of broader digitalization of the economy.<\/p>\n<p style=\"text-align: justify;\">The MCI team has successfully built Netrisk\u2019s asset value over the past two years. One of the most important elements of this effort was the acquisition of the #2 player in Hungarian online insurance, Biztositas.hu (English \u2013 Insurance.com), in December 2019, which added 30% to group revenue and had positive influence on EBITDA. Additionally, online sales conversion metrics were improved, the offline partnership segment was developed, and the human resources structure was strengthened, significantly increasing employment in preparation for further regional expansion of the company.<\/p>\n<p style=\"text-align: justify;\">TA Associates is a leading global growth private equity firm. The firm has made investments in several companies in CEE, including AVG Technologies, a Czech cyber security company, and W.A.G. payment solutions, a Czech provider of payment solutions for freight carriers in Europe and Turkey.<\/p>\n<p style=\"text-align: justify;\">In addition to continued domestic growth, MCI and TA Associates believe that Netrisk has the\nopportunity to become a regional digital leader, providing nearly 100 million consumers in CEE with better access to a modern insurance product management platform.<\/p>\n<p style=\"text-align: justify;\" class=\"translation-block\">L\u00e1szl\u00f3 Sebesty\u00e9n, President of the Management Board of Netrisk: <em>We are very proud of Netrisk\u2019s growth and position in the market to date. The interest of such a prestigious, global private equity firm as TA Associates proves that the development path chosen together with MCI was the right one. We have worked hard to offer our customers the best available solutions and insurance products, but even more effort lies ahead. I hope that our experience and the knowledge of our partners will enable us to scale significantly in the future.<\/em><\/p>\n<p style=\"text-align: justify;\" class=\"translation-block\">Maxime Cancre, Senior Vice President at TA Associates:<em> The CEE region is a very interesting area where we believe that we can implement TA\u2019s strategy of investing in growing technology companies. We believe that Netrisk is a unique asset in the region, with a high-quality and predictable business model, strengthened by a well-established market position and a very strong and experienced management team. Together with MCI, which has extensive digital private equity experience in this part of Europe, we will work to support Netrisk\u2019s local growth in Hungary and will explore ways to build Netrisk into a regional leader in the distribution of insurance products, both online and offline.<\/em><\/p>\n<p style=\"text-align: justify;\" class=\"translation-block\">Krzysztof Konopi\u0144ski, MCI Partner: <em>MCI is looking forward to continuing our active involvement with Netrisk and working closely with TA Associates to significantly increase the scale of Netrisk's operations. We believe that TA is the right partner to help realize the goal of building Netrisk into a true regional leader.<\/em><\/p>\n<p style=\"text-align: justify;\">For MCI, this is another successful transaction related to the online financial market. Previous investments were made in iZettle (sale to PayPal) and Dotpay\/eCard (sale to Nets, portfolio company of Hellman &amp; Friedman and Advent International). The MCI.EuroVentures fund intends to continue investing in, among others, the fintech\/insurtech sector in EU-CEE countries, and is ready to invest in two to three investments in mature technology companies in 2020.<\/p>\n<h4 style=\"text-align: justify;\"><span style=\"text-decoration: underline;\"><strong>About Netrisk<\/strong><\/span><\/h4>\n<p style=\"text-align: justify;\">Netrisk, founded in 1994, is the leading independent online insurance brokerage company in Hungary. In 2001, it became the first Hungarian company offering a platform for comparing and distributing insurance products via the internet. Today, Netrisk distributes several types of non-life insurance products, including MTPL, casco, home and travel insurance policies. At the end of 2019, Netrisk acquired one of its largest competitors, Biztositas.hu.<\/p>\n<p style=\"text-align: justify;\">The company has also developed new business lines. Netrisk has operated bankkalkulator.hu, a marketplace for retail banking products, since 2013. It launched telenet.hu for online comparison of telecom, internet and TV packages in 2016, and also has had a platform for classified advertisements of used cars (netriskauto.hu) since 2018.<\/p>\n<h4 style=\"text-align: justify;\"><strong><span style=\"text-decoration: underline;\">About MCI<\/span><\/strong><\/h4>\n<p style=\"text-align: justify;\">MCI is one of the largest technology investment funds in the region of Central and Eastern Europe,\ndedicated to digital private equity. MCI funds manage PLN 2.3 billion (EUR 550 million), investing\ncapital in the areas of: pure-technology companies (disruptors), companies undergoing digital\ntransformation and IT infrastructure. In over 20 years of history, the funds have carried out more than\n100 investments and 60 exits. MCI aims at building regional digital champions. The Fund was involved\nin, among others, Mall.cz (e-commerce, Czech Republic), WP.pl (digital media, Poland), Invia (e-travel,\nCEE), Dotpay\/eCard (fintech, Poland) and iZettle (fintech, global). More information about MCI can be\nfound at www.mci.eu. <a href=\"http:\/\/www.mci.eu\">www.mci.eu<\/a><\/p>\n<h4 style=\"text-align: justify;\"><span style=\"text-decoration: underline;\"><strong>About TA Associates<\/strong><\/span><\/h4>\n<p style=\"text-align: justify;\">TA Associates is a leading global growth private equity firm. Focused on targeted sectors within five industries \u2013 technology, healthcare, financial services, consumer and business services \u2013 TA invests in profitable, growing companies with opportunities for sustained growth, and has invested in more than 500 companies around the world. Investing as either a majority or minority investor, TA employs a long-term approach, utilizing its strategic resources to help management teams build lasting value in high quality growth companies. TA has raised USD 33.5 billion in capital since its founding in 1968 and is committing to new investments at the pace of over USD 2 billion per year. The firm\u2019s more than 85 investment professionals are based in Boston, Menlo Park, London, Mumbai and Hong Kong. More information about TA Associates can be found at www.ta.com. <a href=\"http:\/\/www.ta.com\">www.ta.com<\/a>.<\/p>\n<p>[\/et_pb_text][\/et_pb_column][\/et_pb_row][et_pb_row _builder_version=&#8221;4.5.0&#8243; _module_preset=&#8221;default&#8221;][et_pb_column type=&#8221;4_4&#8243; _builder_version=&#8221;4.5.0&#8243; _module_preset=&#8221;default&#8221;][et_pb_text _builder_version=&#8221;4.5.0&#8243; _module_preset=&#8221;default&#8221;]<\/p>\n<h4><strong>Media contacts<\/strong><\/h4>\n<p>[\/et_pb_text][\/et_pb_column][\/et_pb_row][et_pb_row column_structure=&#8221;1_3,1_3,1_3&#8243; _builder_version=&#8221;4.5.0&#8243; _module_preset=&#8221;default&#8221; custom_padding=&#8221;0px||||false|false&#8221;][et_pb_column type=&#8221;1_3&#8243; _builder_version=&#8221;4.5.0&#8243; _module_preset=&#8221;default&#8221;][et_pb_text _builder_version=&#8221;4.5.0&#8243; _module_preset=&#8221;default&#8221; text_text_color=&#8221;#000000&#8243;]<\/p>\n<p><strong>MCI:<\/strong><br \/>Bartosz Sawulski<br \/>About MCI<br \/>Tel. kom: +48694400787<br \/>sawulski@mci.eu<\/p>\n<p>[\/et_pb_text][\/et_pb_column][et_pb_column type=&#8221;1_3&#8243; _builder_version=&#8221;4.5.0&#8243; _module_preset=&#8221;default&#8221;][et_pb_text _builder_version=&#8221;4.5.0&#8243; _module_preset=&#8221;default&#8221; text_text_color=&#8221;#000000&#8243; custom_margin=&#8221;|-40px|||false|false&#8221;]<\/p>\n<p><span style=\"color: #ffffff;\">.<\/span><br \/> Dariusz Sobczy\u0144ski<br \/> Point of View Business Communications Consultancy<br \/> Tel. kom: +48601960003<br \/> d.sobczynski@pov.pl<\/p>\n<p>[\/et_pb_text][\/et_pb_column][et_pb_column type=&#8221;1_3&#8243; _builder_version=&#8221;4.5.0&#8243; _module_preset=&#8221;default&#8221;][et_pb_text _builder_version=&#8221;4.5.0&#8243; _module_preset=&#8221;default&#8221; text_text_color=&#8221;#000000&#8243;]<\/p>\n<p><strong>Netrisk:<\/strong><br \/>Peter Varga<br \/>Target Communications<br \/>Tel. kom: +3630 328 7186<br \/>varga@targetcom.hu<\/p>\n<p>[\/et_pb_text][\/et_pb_column][\/et_pb_row][et_pb_row column_structure=&#8221;1_3,1_3,1_3&#8243; _builder_version=&#8221;4.5.0&#8243; _module_preset=&#8221;default&#8221; custom_padding=&#8221;0px||||false|false&#8221;][et_pb_column type=&#8221;1_3&#8243; _builder_version=&#8221;4.5.0&#8243; _module_preset=&#8221;default&#8221;][et_pb_text _builder_version=&#8221;4.5.0&#8243; _module_preset=&#8221;default&#8221; text_text_color=&#8221;#000000&#8243;]<\/p>\n<p><strong>TA Associates:<\/strong><br \/>Marcia O\u2019Carroll<br \/>About TA Associates<br \/>Tel. kom: +1 617-574-6796<br \/>mocarroll@ta.com<\/p>\n<p>[\/et_pb_text][\/et_pb_column][et_pb_column type=&#8221;1_3&#8243; _builder_version=&#8221;4.5.0&#8243; _module_preset=&#8221;default&#8221;][et_pb_text _builder_version=&#8221;4.5.0&#8243; _module_preset=&#8221;default&#8221; text_text_color=&#8221;#000000&#8243; custom_margin=&#8221;|-40px|||false|false&#8221;]<\/p>\n<p><span style=\"color: #ffffff;\">.<\/span><br \/> Caroline Collins<br \/> BackBay Communications<br \/> Tel. kom: +1 617-963-0065<br \/> caroline.collins@backbaycommunications.com<\/p>\n<p>[\/et_pb_text][\/et_pb_column][et_pb_column type=&#8221;1_3&#8243; _builder_version=&#8221;4.5.0&#8243; _module_preset=&#8221;default&#8221;][et_pb_text _builder_version=&#8221;4.5.0&#8243; _module_preset=&#8221;default&#8221; text_text_color=&#8221;#000000&#8243;]<\/p>\n<p><span style=\"color: #ffffff;\">.<\/span><br \/>Stephen Fishleigh<br \/>BackBay Communications<br \/>Tel. kom: +44 203 475 7552<br \/>stephen.fishleigh@backbaycommunications.com<\/p>\n<p>[\/et_pb_text][\/et_pb_column][\/et_pb_row][\/et_pb_section][et_pb_section fb_built=&#8221;1&#8243; admin_label=&#8221;Services&#8221; _builder_version=&#8221;4.5.0&#8243; background_color=&#8221;#efefef&#8221; custom_padding=&#8221;35px|0px|35px|0px||&#8221; global_module=&#8221;60&#8243;][et_pb_row column_structure=&#8221;1_3,1_3,1_3&#8243; _builder_version=&#8221;3.25&#8243; background_size=&#8221;initial&#8221; background_position=&#8221;top_left&#8221; background_repeat=&#8221;repeat&#8221; custom_padding=&#8221;|||&#8221;][et_pb_column type=&#8221;1_3&#8243; _builder_version=&#8221;3.25&#8243; background_position=&#8221;top_left&#8221; custom_padding=&#8221;|||&#8221; custom_padding__hover=&#8221;|||&#8221;][et_pb_number_counter title=&#8221;Zako\u0144czone projekty i transakcje inwestycyjne&#8221; number=&#8221;50+&#8221; percent_sign=&#8221;off&#8221; _builder_version=&#8221;4.5.0&#8243; _module_preset=&#8221;default&#8221;][\/et_pb_number_counter][\/et_pb_column][et_pb_column type=&#8221;1_3&#8243; _builder_version=&#8221;3.25&#8243; background_position=&#8221;top_left&#8221; custom_padding=&#8221;|||&#8221; custom_padding__hover=&#8221;|||&#8221;][et_pb_number_counter title=&#8221;Milion\u00f3w Euro zaaran\u017cowanego kapita\u0142u&#8221; number=&#8221;250+&#8221; percent_sign=&#8221;off&#8221; _builder_version=&#8221;4.5.0&#8243; _module_preset=&#8221;default&#8221;][\/et_pb_number_counter][\/et_pb_column][et_pb_column type=&#8221;1_3&#8243; _builder_version=&#8221;3.25&#8243; background_position=&#8221;top_left&#8221; custom_padding=&#8221;|||&#8221; custom_padding__hover=&#8221;|||&#8221;][et_pb_number_counter title=&#8221;Klient\u00f3w i partner\u00f3w&#8221; number=&#8221;500+&#8221; percent_sign=&#8221;off&#8221; _builder_version=&#8221;4.5.0&#8243; _module_preset=&#8221;default&#8221;][\/et_pb_number_counter][\/et_pb_column][\/et_pb_row][\/et_pb_section][et_pb_section fb_built=&#8221;1&#8243; _builder_version=&#8221;4.5.0&#8243; _module_preset=&#8221;default&#8221; custom_padding=&#8221;2px||6px|||&#8221; global_module=&#8221;62&#8243;][et_pb_row column_structure=&#8221;1_2,1_2&#8243; _builder_version=&#8221;4.5.0&#8243; _module_preset=&#8221;default&#8221;][et_pb_column type=&#8221;1_2&#8243; _builder_version=&#8221;4.5.0&#8243; _module_preset=&#8221;default&#8221;][et_pb_image src=&#8221;https:\/\/dfcm.eu\/wp-content\/uploads\/2020\/07\/1-1.jpg&#8221; title_text=&#8221;1&#8243; _builder_version=&#8221;4.5.0&#8243; _module_preset=&#8221;default&#8221;][\/et_pb_image][\/et_pb_column][et_pb_column type=&#8221;1_2&#8243; _builder_version=&#8221;4.5.0&#8243; _module_preset=&#8221;default&#8221;][et_pb_image src=&#8221;https:\/\/dfcm.eu\/wp-content\/uploads\/2020\/07\/2.jpg&#8221; title_text=&#8221;2&#8243; _builder_version=&#8221;4.5.0&#8243; _module_preset=&#8221;default&#8221;][\/et_pb_image][\/et_pb_column][\/et_pb_row][et_pb_row column_structure=&#8221;1_2,1_2&#8243; _builder_version=&#8221;4.5.0&#8243; _module_preset=&#8221;default&#8221;][et_pb_column type=&#8221;1_2&#8243; _builder_version=&#8221;4.5.0&#8243; _module_preset=&#8221;default&#8221;][et_pb_image src=&#8221;https:\/\/dfcm.eu\/wp-content\/uploads\/2020\/07\/3-1.jpg&#8221; title_text=&#8221;3&#8243; _builder_version=&#8221;4.5.0&#8243; _module_preset=&#8221;default&#8221;][\/et_pb_image][\/et_pb_column][et_pb_column type=&#8221;1_2&#8243; _builder_version=&#8221;4.5.0&#8243; _module_preset=&#8221;default&#8221;][et_pb_image src=&#8221;https:\/\/dfcm.eu\/wp-content\/uploads\/2020\/07\/4.jpg&#8221; title_text=&#8221;4&#8243; _builder_version=&#8221;4.5.0&#8243; _module_preset=&#8221;default&#8221;][\/et_pb_image][\/et_pb_column][\/et_pb_row][\/et_pb_section][et_pb_section fb_built=&#8221;1&#8243; admin_label=&#8221;Footer&#8221; module_id=&#8221;kontakt&#8221; _builder_version=&#8221;4.5.0&#8243; background_color=&#8221;#004a89&#8243; background_enable_image=&#8221;off&#8221; parallax=&#8221;on&#8221; custom_padding=&#8221;90px||90px|&#8221; global_module=&#8221;61&#8243; saved_tabs=&#8221;all&#8221;][et_pb_row column_structure=&#8221;1_3,2_3&#8243; use_custom_gutter=&#8221;on&#8221; gutter_width=&#8221;2&#8243; make_equal=&#8221;on&#8221; _builder_version=&#8221;3.25&#8243; background_size=&#8221;initial&#8221; background_position=&#8221;top_left&#8221; background_repeat=&#8221;repeat&#8221; custom_padding=&#8221;|||&#8221;][et_pb_column type=&#8221;1_3&#8243; _builder_version=&#8221;3.25&#8243; background_color=&#8221;#ffffff&#8221; background_position=&#8221;top_left&#8221; custom_padding=&#8221;50px|40px|50px|40px&#8221; custom_padding__hover=&#8221;|||&#8221;][et_pb_text admin_label=&#8221;Contact US Title&#8221; _builder_version=&#8221;4.5.0&#8243; text_font_size=&#8221;16px&#8221; header_font=&#8221;Montserrat||||&#8221; header_text_color=&#8221;#000000&#8243; header_font_size=&#8221;22px&#8221; custom_padding=&#8221;0px|0px|0px|0px&#8221; animation_style=&#8221;fold&#8221; animation_direction=&#8221;bottom&#8221; animation_intensity_fold=&#8221;20%&#8221;]<\/p>\n<h1>Contact us<\/h1>\n<p>[\/et_pb_text][et_pb_text admin_label=&#8221;Contact US Text&#8221; _builder_version=&#8221;4.5.0&#8243; text_text_color=&#8221;#000000&#8243; text_font_size=&#8221;16px&#8221; text_line_height=&#8221;1.8em&#8221; header_font=&#8221;||||&#8221; header_text_color=&#8221;#1f1f1f&#8221; custom_margin=&#8221;20px||30px|||&#8221; custom_padding=&#8221;0px|0px|0px|0px&#8221; animation_style=&#8221;fold&#8221; animation_direction=&#8221;bottom&#8221; animation_intensity_fold=&#8221;20%&#8221;]<\/p>\n<p style=\"text-align: justify;\">If you have questions related to our company or services that we provide, please contact us.<\/p>\n<p>[\/et_pb_text][et_pb_blurb use_icon=&#8221;on&#8221; font_icon=&#8221;%%249%%&#8221; icon_placement=&#8221;left&#8221; use_icon_font_size=&#8221;on&#8221; icon_font_size=&#8221;28px&#8221; icon_font_size_last_edited=&#8221;off|desktop&#8221; admin_label=&#8221;Address&#8221; _builder_version=&#8221;4.5.0&#8243; body_text_color=&#8221;#000000&#8243; body_font_size=&#8221;16px&#8221; custom_margin=&#8221;||20px|||&#8221; animation_style=&#8221;fold&#8221; animation_direction=&#8221;bottom&#8221; animation_intensity_fold=&#8221;20%&#8221;]<\/p>\n<p class=\"translation-block\"><span>Al. Jerozolimskie 96<\/span><br> <span>00-807 Warsaw<\/span><\/p>\n<p>[\/et_pb_blurb][et_pb_blurb use_icon=&#8221;on&#8221; font_icon=&#8221;%%301%%&#8221; icon_placement=&#8221;left&#8221; use_icon_font_size=&#8221;on&#8221; icon_font_size=&#8221;28px&#8221; icon_font_size_last_edited=&#8221;off|desktop&#8221; _builder_version=&#8221;4.5.0&#8243; body_text_color=&#8221;#000000&#8243; body_font_size=&#8221;16px&#8221; custom_margin=&#8221;||23px|||&#8221; animation_style=&#8221;fold&#8221; animation_direction=&#8221;bottom&#8221; animation_intensity_fold=&#8221;20%&#8221; link_option_url=&#8221;https:\/\/www.linkedin.com\/in\/jdabrowski1&#8243;]<\/p>\n<p>linkedin.com\/in\/jdabrowski1<\/p>\n<p>[\/et_pb_blurb][et_pb_blurb use_icon=&#8221;on&#8221; font_icon=&#8221;%%238%%&#8221; icon_placement=&#8221;left&#8221; use_icon_font_size=&#8221;on&#8221; icon_font_size=&#8221;28px&#8221; icon_font_size_last_edited=&#8221;off|desktop&#8221; admin_label=&#8221;Email&#8221; _builder_version=&#8221;4.5.0&#8243; body_text_color=&#8221;#000000&#8243; body_font_size=&#8221;16px&#8221; custom_margin=&#8221;|||&#8221; animation_style=&#8221;fold&#8221; animation_direction=&#8221;bottom&#8221; animation_intensity_fold=&#8221;20%&#8221; link_option_url=&#8221;mailto:j.dabrowski@dfcm.eu&#8221;]<\/p>\n<p>j.dabrowski@dfcm.eu<\/p>\n<p>[\/et_pb_blurb][et_pb_social_media_follow admin_label=&#8221;Facebook&#8221; _builder_version=&#8221;4.5.0&#8243; text_orientation=&#8221;center&#8221; custom_margin=&#8221;||0px|||&#8221; custom_padding=&#8221;29px|||||&#8221; border_radii=&#8221;on|100%|100%|100%|100%&#8221; link_shape=&#8221;circle&#8221;][et_pb_social_media_follow_network social_network=&#8221;facebook&#8221; url=&#8221;https:\/\/www.facebook.com\/JDFCM\/&#8221; _builder_version=&#8221;4.5.0&#8243; background_color=&#8221;#c1c1c1&#8243; custom_margin=&#8221;|10px||&#8221; bg_color=&#8221;#3b5998&#8243; link_shape=&#8221;circle&#8221; follow_button=&#8221;off&#8221; url_new_window=&#8221;on&#8221;]facebook[\/et_pb_social_media_follow_network][\/et_pb_social_media_follow][et_pb_social_media_follow _builder_version=&#8221;3.0.87&#8243;][\/et_pb_social_media_follow][\/et_pb_column][et_pb_column type=&#8221;2_3&#8243; _builder_version=&#8221;3.25&#8243; background_color=&#8221;#ffffff&#8221; background_position=&#8221;top_left&#8221; custom_padding=&#8221;50px|40px|50px|40px&#8221; custom_padding__hover=&#8221;|||&#8221;][et_pb_image src=&#8221;https:\/\/dfcm.eu\/wp-content\/uploads\/2020\/07\/WarszawaCBDByDay.jpg&#8221; title_text=&#8221;WarszawaCBDByDay&#8221; _builder_version=&#8221;4.5.0&#8243; _module_preset=&#8221;default&#8221;][\/et_pb_image][\/et_pb_column][\/et_pb_row][\/et_pb_section]<\/p>","protected":false},"excerpt":{"rendered":"<p>MCI.EuroVentures sprzedaje funduszowi TA Associates cz\u0119\u015b\u0107 udzia\u0142\u00f3w w Netrisk.hu WARSZAWA, BUDAPESZT, 8 stycznia 2020 r. &#8211; MCI.EuroVentures sprzedaje cz\u0119\u015b\u0107 udzia\u0142\u00f3w w\u00a0Netrisk.hu (lider ubezpiecze\u0144 online na W\u0119grzech) za 235 mln PLN globalnemu funduszowi\u00a0inwestycyjnemu TA Associates. W wyniku transakcji, Fundusz MCI ju\u017c teraz zrealizowa\u0142 zwrot z\u00a0inwestycji na poziomie 3,0x CoC i 73% IRR, pozostawiaj\u0105c sobie mo\u017cliwo\u015b\u0107 na [&hellip;]<\/p>","protected":false},"author":1,"featured_media":0,"parent":55,"menu_order":0,"comment_status":"closed","ping_status":"closed","template":"","meta":{"_et_pb_use_builder":"on","_et_pb_old_content":"","_et_gb_content_width":"","footnotes":""},"class_list":["post-98","page","type-page","status-publish","hentry"],"_links":{"self":[{"href":"https:\/\/dfcm.eu\/en\/wp-json\/wp\/v2\/pages\/98","targetHints":{"allow":["GET"]}}],"collection":[{"href":"https:\/\/dfcm.eu\/en\/wp-json\/wp\/v2\/pages"}],"about":[{"href":"https:\/\/dfcm.eu\/en\/wp-json\/wp\/v2\/types\/page"}],"author":[{"embeddable":true,"href":"https:\/\/dfcm.eu\/en\/wp-json\/wp\/v2\/users\/1"}],"replies":[{"embeddable":true,"href":"https:\/\/dfcm.eu\/en\/wp-json\/wp\/v2\/comments?post=98"}],"version-history":[{"count":10,"href":"https:\/\/dfcm.eu\/en\/wp-json\/wp\/v2\/pages\/98\/revisions"}],"predecessor-version":[{"id":133,"href":"https:\/\/dfcm.eu\/en\/wp-json\/wp\/v2\/pages\/98\/revisions\/133"}],"up":[{"embeddable":true,"href":"https:\/\/dfcm.eu\/en\/wp-json\/wp\/v2\/pages\/55"}],"wp:attachment":[{"href":"https:\/\/dfcm.eu\/en\/wp-json\/wp\/v2\/media?parent=98"}],"curies":[{"name":"wp","href":"https:\/\/api.w.org\/{rel}","templated":true}]}}