{"id":71,"date":"2020-07-13T06:56:06","date_gmt":"2020-07-13T04:56:06","guid":{"rendered":"https:\/\/dfcm.eu\/?page_id=71"},"modified":"2020-07-13T23:26:25","modified_gmt":"2020-07-13T21:26:25","slug":"polska-gospodarka","status":"publish","type":"page","link":"https:\/\/dfcm.eu\/en\/aktualnosci\/polska-gospodarka\/","title":{"rendered":"Polska gospodarka"},"content":{"rendered":"[et_pb_section fb_built=&#8221;1&#8243; fullwidth=&#8221;on&#8221; admin_label=&#8221;Page Header&#8221; _builder_version=&#8221;4.5.0&#8243; background_enable_image=&#8221;off&#8221; parallax=&#8221;on&#8221; bottom_divider_style=&#8221;slant2&#8243; bottom_divider_color=&#8221;#ffffff&#8221; bottom_divider_height_tablet=&#8221;40px&#8221; bottom_divider_height_phone=&#8221;20px&#8221; bottom_divider_height_last_edited=&#8221;on|phone&#8221; global_module=&#8221;59&#8243;][et_pb_fullwidth_image src=&#8221;https:\/\/dfcm.eu\/wp-content\/uploads\/2020\/07\/banner_top_f.jpg&#8221; title_text=&#8221;banner_top_f&#8221; _builder_version=&#8221;4.5.0&#8243; _module_preset=&#8221;default&#8221;][\/et_pb_fullwidth_image][\/et_pb_section][et_pb_section fb_built=&#8221;1&#8243; _builder_version=&#8221;4.5.0&#8243; _module_preset=&#8221;default&#8221; custom_padding=&#8221;1px||3px|||&#8221;][et_pb_row _builder_version=&#8221;4.5.0&#8243; _module_preset=&#8221;default&#8221;][et_pb_column type=&#8221;4_4&#8243; _builder_version=&#8221;4.5.0&#8243; _module_preset=&#8221;default&#8221;][et_pb_text _builder_version=&#8221;4.5.0&#8243; _module_preset=&#8221;default&#8221; header_font=&#8221;Montserrat||||||||&#8221; header_font_size=&#8221;40px&#8221; header_line_height=&#8221;1.5em&#8221; header_4_font_size=&#8221;20px&#8221; header_4_line_height=&#8221;1.5em&#8221;]<h1 style=\"text-align: justify;\">Poland | Impact of COVID-19 Pandemic, Forecast<\/h1>\n<h4 style=\"text-align: justify;\">The Polish economy is set to be the least affected in the EU by the Covid-19 pandemic, despite the virus bringing an end to around three decades of uninterrupted economic growth in Poland<\/h4>[\/et_pb_text][\/et_pb_column][\/et_pb_row][et_pb_row _builder_version=&#8221;4.5.0&#8243; _module_preset=&#8221;default&#8221;][et_pb_column type=&#8221;4_4&#8243; _builder_version=&#8221;4.5.0&#8243; _module_preset=&#8221;default&#8221;][et_pb_image src=&#8221;https:\/\/dfcm.eu\/wp-content\/uploads\/2020\/07\/People-1.jpg&#8221; title_text=&#8221;motion blurred business people walking on the street&#8221; align=&#8221;center&#8221; _builder_version=&#8221;4.5.0&#8243; _module_preset=&#8221;default&#8221;][\/et_pb_image][\/et_pb_column][\/et_pb_row][et_pb_row _builder_version=&#8221;4.5.0&#8243; _module_preset=&#8221;default&#8221; custom_margin=&#8221;-9px|auto||auto||&#8221; custom_padding=&#8221;4px|||||&#8221;][et_pb_column type=&#8221;4_4&#8243; _builder_version=&#8221;4.5.0&#8243; _module_preset=&#8221;default&#8221;][et_pb_text _builder_version=&#8221;4.5.0&#8243; _module_preset=&#8221;default&#8221; text_text_color=&#8221;#000000&#8243; header_5_font_size=&#8221;15px&#8221; header_5_line_height=&#8221;1.5em&#8221;]<ul>\n<li style=\"text-align: justify;\">Real GDP is forecast to decline by 4% in 2020 due to the COVID-19 pandemic and its containment measures, before growing again by around 4% in 2021,<\/li>\n<li style=\"text-align: justify;\">Thanks to this largest stimulus package in the country's history (ca. EUR 75 bn), the Polish economy is doing best in Europe, according to the European Commission,<\/li>\n<li style=\"text-align: justify;\">Poland will receive EUR 63,8 bn in grants and concessionary loans from EU Stimulus plan,<\/li>\n<li style=\"text-align: justify;\">Despite initial slump in early readings of macroeconomic indicators, the economy is on fast recovery track since early May.<\/li>\n<\/ul>\n<p style=\"text-align: justify;\"><strong>Macroeconomic Outlook<\/strong><br>\n\nWith the global outbreak of COVID-19, growth is expected to decelerate sharply to 4% in 2020, amid dramatically lower external demand, a temporary border lockdown, and far-reaching containment and avoidance measures, including the closing of many non-essential businesses, educational institutions, and cultural centers. Localized outbreaks are expected to be contained by June, with growth recovering to 4% and 3% percent in 2021 and 2022, respectively (according to EU and Polish State Bank).<\/p>\n<p style=\"text-align: justify;\">HICP inflation accelerated to 2,1% in 2019 and is estimated to have peaked in the first quarter of 2020 at almost 4%, driven by an increase in food and service prices. Inflation is then set to weaken markedly from the second quarter onwards, in line with a drop in oil prices, falling demand and a sharp decrease in wage growth. Overall, inflation is expected to moderate to 2,5% in 2020 and to increase to 2,8% in 2021 as the economy recovers.<\/p>\n<p style=\"text-align: justify;\">Risks to the forecast are tilted to the downside. The recovery will largely depend on the effectiveness of government measures and how they cushion the impact of the shock on the labour market. Also, beyond global downside risks, the virus could have a long-lasting impact on some sectors, particularly services, which could limit the scope for recovery.\n\nAlthough the crisis is likely to bring an end to around 30 years of economic growth, Poland can find some consolation in the fact that the EU expects the country to get away with the least amount of damage.<\/p>\n<p style=\"text-align: justify;\" class=\"translation-block\">Last month S&amp;P, maintained Poland\u2019s A- long-term foreign currency debt rating, pointing to the country\u2019s diversified economy and strong macroeconomic fundamentals. The World Bank also reported in April that: \u201cPoland has fiscal and monetary space to mitigate the adverse effects of lower global and domestic demand and shield its financially vulnerable populations, potentially leading to a quicker rebound in 2021 and 2022.\u201d<\/p>\n<p style=\"text-align: justify;\">At the end of March Fitch Ratings also struck a cautiously optimistic note about Poland, at least in the long term. It affirmed Poland's long-term foreign-currency Issuer Default Rating (IDR) at A- with a stable outlook, adding that the Polish economy should be \u201crelatively resilient to the shock from the Covid-19 pandemic.\u201d Fitch added that Poland has a \u201cdiversified yet relatively closed economy, moderate tourism sector, net energy importer status, flexible exchange rate, a current account close to balance and some degree of fiscal space to accommodate expansionary fiscal measures.\u201d<\/p>\n<ul style=\"text-align: justify;\">\n<li style=\"text-align: justify;\">GDP growth is expected to decline by 4% and reach pre-COVID levels in 2021,<\/li>\n<li style=\"text-align: justify;\">The slump in the economy will decrease HICP levels to NBP's target 2,5%,<\/li>\n<li style=\"text-align: justify;\">Poland maintains long-term credit ratings,<\/li>\n<li style=\"text-align: justify;\">The Country is also one of the biggest recipients of EU Stimulus,<\/li>\n<li style=\"text-align: justify;\">Job loss is expected to be significant, but smaller in comparison to other EU nations,<\/li>\n<li style=\"text-align: justify;\">Government stimulus packages help save employment across the Country.<\/li>\n<\/ul>\n<p style=\"text-align: justify;\"><strong>State Stimulus Fund and Job Protection Programme<\/strong><br>\n\nThe Government has announced measures to contain the spread of COVID-19 and proposed an economic package that includes fiscal spending (roughly 3 percent of GDP) and a liquidity component (of approximately 3.3 percent), backed by additional funding from the European Commission and monetary easing started by the central bank. These efforts are aimed at supporting both the supply and demand sides of the economy by aiding affected companies\u2019 liquidity and introducing tax relief and deferrals as well as a partial coverage of salaries in heavily impacted firms to sustain employment.<\/p>\n<p style=\"text-align: justify;\">Despite substantial support measures put in place by the government, private consumption is projected to be hard-hit due to an increase in unemployment, a sharp drop in wage growth and weak consumer confidence. Investment is also set to fall strongly in 2020 as uncertainty mounts and expectations of lower demand are likely to have an impact on firm\u2019s investment plans. Meanwhile, public investment may suffer from lower revenue and increases in other expenditure items.<\/p>\n<p style=\"text-align: justify;\">The labour market is set to be impacted by the lockdown measures and the drop in demand, bringing the unemployment rate to around 7,5% in 2020. This will likely lead to a sudden reversal in the increasing trend in wages observed in recent years, especially in the services sector. However, the drop in wage growth is to be partly offset by previously decided increases in public wages. In 2021, while employment is set to recover strongly, wages are expected to follow only moderately.<\/p>\n<ul style=\"text-align: justify;\">\n<li>Polish government created a stimulus plan worth ca. 3% of national GDP,<\/li>\n<li>The Plan mainly focuses on job protection,<\/li>\n<li>The Polish labour market will be challenged with a strong decline in consumer spending.<\/li>\n<\/ul>\n<p style=\"text-align: justify;\"><strong>EU Stimulus Allocation<\/strong><\/p>\n<p style=\"text-align: justify;\">The EC project will allocate EUR 63,8 bn to Poland for economic recovery in grants and loans under the new instrument. It's 8,5% of total available funds for the whole EU. Considering participation in grants, Poland would receive the fourth largest sum after Italy, Spain and France. Poland could count on EUR 37,69 billion in subsidies. EUR 81,7 billion would go to Italy, EUR 77,3 billion to Spain, and EUR 38,7 billion to France. Furthermore, Poland would receive EUR 25,1 bn in loans; 90 billion to Italy, 63 billion to Spain.\n \nIn addition to these funds, the EC will also present a draft of the new EU budget for 2021-2027, the size of which will exceed EUR 1 trillion. The new multiannual budget and recovery fund would be available from 1 January 2021. Earlier, countries in need could benefit from a bridge solution for several months under the current EU budget.<\/p>[\/et_pb_text][\/et_pb_column][\/et_pb_row][\/et_pb_section][et_pb_section fb_built=&#8221;1&#8243; admin_label=&#8221;Services&#8221; _builder_version=&#8221;4.5.0&#8243; background_color=&#8221;#efefef&#8221; custom_padding=&#8221;35px|0px|35px|0px||&#8221; global_module=&#8221;60&#8243;][et_pb_row column_structure=&#8221;1_3,1_3,1_3&#8243; _builder_version=&#8221;3.25&#8243; background_size=&#8221;initial&#8221; background_position=&#8221;top_left&#8221; background_repeat=&#8221;repeat&#8221; custom_padding=&#8221;|||&#8221;][et_pb_column type=&#8221;1_3&#8243; _builder_version=&#8221;3.25&#8243; background_position=&#8221;top_left&#8221; custom_padding=&#8221;|||&#8221; custom_padding__hover=&#8221;|||&#8221;][et_pb_number_counter title=&#8221;Zako\u0144czone projekty i transakcje inwestycyjne&#8221; number=&#8221;50+&#8221; percent_sign=&#8221;off&#8221; _builder_version=&#8221;4.5.0&#8243; _module_preset=&#8221;default&#8221; number_text_color=&#8221;#004a89&#8243;][\/et_pb_number_counter][\/et_pb_column][et_pb_column type=&#8221;1_3&#8243; _builder_version=&#8221;3.25&#8243; background_position=&#8221;top_left&#8221; custom_padding=&#8221;|||&#8221; custom_padding__hover=&#8221;|||&#8221;][et_pb_number_counter title=&#8221;Milion\u00f3w Euro zaaran\u017cowanego kapita\u0142u&#8221; number=&#8221;250+&#8221; percent_sign=&#8221;off&#8221; _builder_version=&#8221;4.5.0&#8243; _module_preset=&#8221;default&#8221; number_text_color=&#8221;#004a89&#8243;][\/et_pb_number_counter][\/et_pb_column][et_pb_column type=&#8221;1_3&#8243; _builder_version=&#8221;3.25&#8243; background_position=&#8221;top_left&#8221; custom_padding=&#8221;|||&#8221; custom_padding__hover=&#8221;|||&#8221;][et_pb_number_counter title=&#8221;Klient\u00f3w i partner\u00f3w&#8221; number=&#8221;500+&#8221; percent_sign=&#8221;off&#8221; _builder_version=&#8221;4.5.0&#8243; _module_preset=&#8221;default&#8221; number_text_color=&#8221;#004a89&#8243;][\/et_pb_number_counter][\/et_pb_column][\/et_pb_row][\/et_pb_section][et_pb_section fb_built=&#8221;1&#8243; _builder_version=&#8221;4.5.0&#8243; _module_preset=&#8221;default&#8221; custom_padding=&#8221;2px||6px|||&#8221; global_module=&#8221;62&#8243;][et_pb_row column_structure=&#8221;1_2,1_2&#8243; _builder_version=&#8221;4.5.0&#8243; _module_preset=&#8221;default&#8221;][et_pb_column type=&#8221;1_2&#8243; _builder_version=&#8221;4.5.0&#8243; _module_preset=&#8221;default&#8221;][et_pb_image src=&#8221;https:\/\/dfcm.eu\/wp-content\/uploads\/2020\/07\/1.jpg&#8221; title_text=&#8221;1&#8243; _builder_version=&#8221;4.5.0&#8243; _module_preset=&#8221;default&#8221;][\/et_pb_image][\/et_pb_column][et_pb_column type=&#8221;1_2&#8243; _builder_version=&#8221;4.5.0&#8243; _module_preset=&#8221;default&#8221;][et_pb_image src=&#8221;https:\/\/dfcm.eu\/wp-content\/uploads\/2020\/07\/2.jpg&#8221; title_text=&#8221;2&#8243; _builder_version=&#8221;4.5.0&#8243; _module_preset=&#8221;default&#8221;][\/et_pb_image][\/et_pb_column][\/et_pb_row][et_pb_row column_structure=&#8221;1_2,1_2&#8243; _builder_version=&#8221;4.5.0&#8243; _module_preset=&#8221;default&#8221;][et_pb_column type=&#8221;1_2&#8243; _builder_version=&#8221;4.5.0&#8243; _module_preset=&#8221;default&#8221;][et_pb_image src=&#8221;https:\/\/dfcm.eu\/wp-content\/uploads\/2020\/07\/3.jpg&#8221; title_text=&#8221;3&#8243; _builder_version=&#8221;4.5.0&#8243; _module_preset=&#8221;default&#8221;][\/et_pb_image][\/et_pb_column][et_pb_column type=&#8221;1_2&#8243; _builder_version=&#8221;4.5.0&#8243; _module_preset=&#8221;default&#8221;][et_pb_image src=&#8221;https:\/\/dfcm.eu\/wp-content\/uploads\/2020\/07\/4.jpg&#8221; title_text=&#8221;4&#8243; _builder_version=&#8221;4.5.0&#8243; _module_preset=&#8221;default&#8221;][\/et_pb_image][\/et_pb_column][\/et_pb_row][\/et_pb_section][et_pb_section fb_built=&#8221;1&#8243; admin_label=&#8221;Footer&#8221; module_id=&#8221;kontakt&#8221; _builder_version=&#8221;4.5.0&#8243; background_color=&#8221;#004a89&#8243; background_enable_image=&#8221;off&#8221; parallax=&#8221;on&#8221; custom_padding=&#8221;90px||90px|&#8221; global_module=&#8221;61&#8243; saved_tabs=&#8221;all&#8221;][et_pb_row column_structure=&#8221;1_3,2_3&#8243; use_custom_gutter=&#8221;on&#8221; gutter_width=&#8221;2&#8243; make_equal=&#8221;on&#8221; _builder_version=&#8221;3.25&#8243; background_size=&#8221;initial&#8221; background_position=&#8221;top_left&#8221; background_repeat=&#8221;repeat&#8221; custom_padding=&#8221;|||&#8221;][et_pb_column type=&#8221;1_3&#8243; _builder_version=&#8221;3.25&#8243; background_color=&#8221;#ffffff&#8221; background_position=&#8221;top_left&#8221; custom_padding=&#8221;50px|40px|50px|40px&#8221; custom_padding__hover=&#8221;|||&#8221;][et_pb_text admin_label=&#8221;Contact US Title&#8221; _builder_version=&#8221;4.5.0&#8243; text_font_size=&#8221;16px&#8221; header_font=&#8221;Montserrat||||&#8221; header_text_color=&#8221;#000000&#8243; header_font_size=&#8221;22px&#8221; custom_padding=&#8221;0px|0px|0px|0px&#8221; animation_style=&#8221;fold&#8221; animation_direction=&#8221;bottom&#8221; animation_intensity_fold=&#8221;20%&#8221;]<h1>Contact us<\/h1>[\/et_pb_text][et_pb_text admin_label=&#8221;Contact US Text&#8221; _builder_version=&#8221;4.5.0&#8243; text_text_color=&#8221;#000000&#8243; text_font_size=&#8221;16px&#8221; text_line_height=&#8221;1.8em&#8221; header_font=&#8221;||||&#8221; header_text_color=&#8221;#1f1f1f&#8221; custom_margin=&#8221;20px||30px|||&#8221; custom_padding=&#8221;0px|0px|0px|0px&#8221; animation_style=&#8221;fold&#8221; animation_direction=&#8221;bottom&#8221; animation_intensity_fold=&#8221;20%&#8221;]<p style=\"text-align: justify;\">If you have questions related to our company or services that we provide, please contact us.<\/p>[\/et_pb_text][et_pb_blurb use_icon=&#8221;on&#8221; font_icon=&#8221;%%249%%&#8221; icon_color=&#8221;#004a89&#8243; icon_placement=&#8221;left&#8221; use_icon_font_size=&#8221;on&#8221; icon_font_size=&#8221;28px&#8221; icon_font_size_last_edited=&#8221;off|desktop&#8221; admin_label=&#8221;Address&#8221; _builder_version=&#8221;4.5.0&#8243; body_text_color=&#8221;#000000&#8243; body_font_size=&#8221;16px&#8221; custom_margin=&#8221;||20px|||&#8221; animation_style=&#8221;fold&#8221; animation_direction=&#8221;bottom&#8221; animation_intensity_fold=&#8221;20%&#8221;]<p class=\"translation-block\"><span>Al. Jerozolimskie 96<\/span><br> <span>00-807 Warsaw<\/span><\/p>[\/et_pb_blurb][et_pb_blurb use_icon=&#8221;on&#8221; font_icon=&#8221;%%301%%&#8221; icon_color=&#8221;#004a89&#8243; icon_placement=&#8221;left&#8221; use_icon_font_size=&#8221;on&#8221; icon_font_size=&#8221;28px&#8221; icon_font_size_last_edited=&#8221;off|desktop&#8221; _builder_version=&#8221;4.5.0&#8243; body_text_color=&#8221;#000000&#8243; body_font_size=&#8221;16px&#8221; custom_margin=&#8221;||23px|||&#8221; animation_style=&#8221;fold&#8221; animation_direction=&#8221;bottom&#8221; animation_intensity_fold=&#8221;20%&#8221; link_option_url=&#8221;https:\/\/www.linkedin.com\/in\/jdabrowski1&#8243;]<p>linkedin.com\/in\/jdabrowski1<\/p>[\/et_pb_blurb][et_pb_blurb use_icon=&#8221;on&#8221; font_icon=&#8221;%%238%%&#8221; icon_color=&#8221;#004a89&#8243; icon_placement=&#8221;left&#8221; use_icon_font_size=&#8221;on&#8221; icon_font_size=&#8221;28px&#8221; icon_font_size_last_edited=&#8221;off|desktop&#8221; admin_label=&#8221;Email&#8221; _builder_version=&#8221;4.5.0&#8243; body_text_color=&#8221;#000000&#8243; body_font_size=&#8221;16px&#8221; custom_margin=&#8221;|||&#8221; animation_style=&#8221;fold&#8221; animation_direction=&#8221;bottom&#8221; animation_intensity_fold=&#8221;20%&#8221; link_option_url=&#8221;mailto:j.dabrowski@dfcm.eu&#8221;]<p>j.dabrowski@dfcm.eu<\/p>[\/et_pb_blurb][et_pb_social_media_follow admin_label=&#8221;Facebook&#8221; _builder_version=&#8221;4.5.0&#8243; text_orientation=&#8221;center&#8221; custom_margin=&#8221;||0px|||&#8221; custom_padding=&#8221;29px|||||&#8221; border_radii=&#8221;on|100%|100%|100%|100%&#8221; link_shape=&#8221;circle&#8221;][et_pb_social_media_follow_network social_network=&#8221;facebook&#8221; url=&#8221;https:\/\/www.facebook.com\/JDFCM\/&#8221; _builder_version=&#8221;4.5.0&#8243; background_color=&#8221;#c1c1c1&#8243; custom_margin=&#8221;|10px||&#8221; bg_color=&#8221;#3b5998&#8243; link_shape=&#8221;circle&#8221; follow_button=&#8221;off&#8221; url_new_window=&#8221;on&#8221;]facebook[\/et_pb_social_media_follow_network][\/et_pb_social_media_follow][et_pb_social_media_follow _builder_version=&#8221;3.0.87&#8243;][\/et_pb_social_media_follow][\/et_pb_column][et_pb_column type=&#8221;2_3&#8243; _builder_version=&#8221;3.25&#8243; background_color=&#8221;#ffffff&#8221; background_position=&#8221;top_left&#8221; custom_padding=&#8221;50px|40px|50px|40px&#8221; custom_padding__hover=&#8221;|||&#8221;][et_pb_image src=&#8221;https:\/\/dfcm.eu\/wp-content\/uploads\/2020\/07\/WarszawaCBDByDay.jpg&#8221; title_text=&#8221;WarszawaCBDByDay&#8221; _builder_version=&#8221;4.5.0&#8243; _module_preset=&#8221;default&#8221;][\/et_pb_image][\/et_pb_column][\/et_pb_row][\/et_pb_section]","protected":false},"excerpt":{"rendered":"<p>Polska gospodarka jedn\u0105 z najs\u0142abiej dotkni\u0119tych koronawirusem w Europie. Zdaniem unijnych ekspert\u00f3w polska gospodarka b\u0119dzie najmniej dotkni\u0119t\u0105 gospodark\u0105 skutkami epidemii koronawirusa w Europie. Po spadku PKB w 2020, przewiduje si\u0119 powr\u00f3t na \u015bcie\u017ck\u0119 wzrostu, w kolejnym roku. Polskie PKB spadnie o 4,25% w 2020 roku, w roku 2021 szacuje si\u0119 wzrost o 4% Polska jednym [&hellip;]<\/p>","protected":false},"author":1,"featured_media":0,"parent":55,"menu_order":0,"comment_status":"closed","ping_status":"closed","template":"","meta":{"_et_pb_use_builder":"on","_et_pb_old_content":"","_et_gb_content_width":"","footnotes":""},"class_list":["post-71","page","type-page","status-publish","hentry"],"_links":{"self":[{"href":"https:\/\/dfcm.eu\/en\/wp-json\/wp\/v2\/pages\/71","targetHints":{"allow":["GET"]}}],"collection":[{"href":"https:\/\/dfcm.eu\/en\/wp-json\/wp\/v2\/pages"}],"about":[{"href":"https:\/\/dfcm.eu\/en\/wp-json\/wp\/v2\/types\/page"}],"author":[{"embeddable":true,"href":"https:\/\/dfcm.eu\/en\/wp-json\/wp\/v2\/users\/1"}],"replies":[{"embeddable":true,"href":"https:\/\/dfcm.eu\/en\/wp-json\/wp\/v2\/comments?post=71"}],"version-history":[{"count":3,"href":"https:\/\/dfcm.eu\/en\/wp-json\/wp\/v2\/pages\/71\/revisions"}],"predecessor-version":[{"id":82,"href":"https:\/\/dfcm.eu\/en\/wp-json\/wp\/v2\/pages\/71\/revisions\/82"}],"up":[{"embeddable":true,"href":"https:\/\/dfcm.eu\/en\/wp-json\/wp\/v2\/pages\/55"}],"wp:attachment":[{"href":"https:\/\/dfcm.eu\/en\/wp-json\/wp\/v2\/media?parent=71"}],"curies":[{"name":"wp","href":"https:\/\/api.w.org\/{rel}","templated":true}]}}