{"id":643,"date":"2023-04-13T15:30:13","date_gmt":"2023-04-13T13:30:13","guid":{"rendered":"https:\/\/dfcm.eu\/?page_id=643"},"modified":"2024-04-12T16:59:55","modified_gmt":"2024-04-12T14:59:55","slug":"sektor-bankowy-w-polsce-sytuacja-biezaca-i-trendy-2023","status":"publish","type":"page","link":"https:\/\/dfcm.eu\/en\/aktualnosci\/sektor-bankowy-w-polsce-sytuacja-biezaca-i-trendy-2023\/","title":{"rendered":"The banking sector in Poland. Current situation and trends 2023"},"content":{"rendered":"<p>[et_pb_section fb_built=&#8221;1&#8243; fullwidth=&#8221;on&#8221; admin_label=&#8221;Page Header&#8221; _builder_version=&#8221;4.5.0&#8243; background_enable_image=&#8221;off&#8221; parallax=&#8221;on&#8221; bottom_divider_style=&#8221;slant2&#8243; bottom_divider_color=&#8221;#ffffff&#8221; bottom_divider_height_tablet=&#8221;40px&#8221; bottom_divider_height_phone=&#8221;20px&#8221; bottom_divider_height_last_edited=&#8221;on|phone&#8221; global_module=&#8221;59&#8243; global_colors_info=&#8221;{}&#8221;][et_pb_fullwidth_image src=&#8221;https:\/\/dfcm.eu\/wp-content\/uploads\/2020\/07\/banner_top_f.jpg&#8221; title_text=&#8221;banner_top_f&#8221; _builder_version=&#8221;4.5.0&#8243; _module_preset=&#8221;default&#8221; global_colors_info=&#8221;{}&#8221;][\/et_pb_fullwidth_image][\/et_pb_section][et_pb_section fb_built=&#8221;1&#8243; _builder_version=&#8221;4.5.0&#8243; _module_preset=&#8221;default&#8221; custom_padding=&#8221;1px||3px|||&#8221; global_colors_info=&#8221;{}&#8221;][et_pb_row _builder_version=&#8221;4.5.0&#8243; _module_preset=&#8221;default&#8221; global_colors_info=&#8221;{}&#8221;][et_pb_column type=&#8221;4_4&#8243; _builder_version=&#8221;4.5.0&#8243; _module_preset=&#8221;default&#8221; global_colors_info=&#8221;{}&#8221;][et_pb_text _builder_version=&#8221;4.10.6&#8243; _module_preset=&#8221;default&#8221; header_font=&#8221;Montserrat||||||||&#8221; header_font_size=&#8221;39px&#8221; header_line_height=&#8221;1.5em&#8221; header_4_font_size=&#8221;20px&#8221; header_4_line_height=&#8221;1.5em&#8221; global_colors_info=&#8221;{}&#8221; custom_padding=&#8221;||0px|||&#8221;]<\/p>\n<h3 style=\"text-align: center;\"><\/h3>\n<h1 style=\"text-align: center;\">The banking sector in Poland. Current situation and trends 2024<\/h1>\n<p style=\"text-align: justify;\">\n<p>&nbsp;<\/p>\n<p>[\/et_pb_text][\/et_pb_column][\/et_pb_row][et_pb_row _builder_version=&#8221;4.5.0&#8243; _module_preset=&#8221;default&#8221; custom_padding=&#8221;||4px|||&#8221; global_colors_info=&#8221;{}&#8221;][et_pb_column type=&#8221;4_4&#8243; _builder_version=&#8221;4.5.0&#8243; _module_preset=&#8221;default&#8221; global_colors_info=&#8221;{}&#8221;][et_pb_text _builder_version=&#8221;4.10.6&#8243; _module_preset=&#8221;default&#8221; text_text_color=&#8221;#000000&#8243; header_5_font_size=&#8221;15px&#8221; header_5_line_height=&#8221;1.5em&#8221; global_colors_info=&#8221;{}&#8221;]<\/p>\n<p style=\"text-align: justify;\"><span>The performance of Polish banks for last year looks very good. Banks recorded significant increases in operating income, achieving high profitability ratios, especially in terms of interest income. Despite the challenges posed by the mortgage loan portfolio denominated in CHF\u2696\ufe0f\ud83d\udcb4, the sector still has strong income potential and growth opportunities, especially after the partial resolution of the main problem of many banks, (CHF loans). <\/span><\/p>\n<p style=\"text-align: justify;\"><span>Forecasts for the coming years are optimistic, primarily due to the still high interest rates and the potential increase in demand for consumer loans (mortgages) due to the improving economy \ud83c\udfd6\ufe0f\ud83c\udfe2 and the financing of companies and local government entities (absorption of funds from NRP and UE funds) Banks should invest a significant part of their profits in high-tech solutions primarily based on artificial intelligence and robotics, which will accelerate the development of the banking business while reducing operating costs. <\/span><\/p>\n<p style=\"text-align: justify;\"><span>In an environment of falling interest rates, technological superiority and quality of service will be key to maintaining profitability. A rapid and efficient resolution of CHF-denominated loans remains a priority, allowing the sector to focus on financing the economy and consumer needs driven by innovative technologies. A major challenge is the rapid and significant growth of credit to businesses and local governments which has reached historic lows (relative to GDP) which correlates with the lowest level of investment relative to GDP in Poland in a decade\ud83d\udcc9\ud83c\udf2a\ufe0f<\/span><\/p>\n<p>&nbsp;<\/p>\n<p>&nbsp;<\/p>\n<p>[\/et_pb_text][et_pb_text _builder_version=&#8221;4.10.6&#8243; _module_preset=&#8221;default&#8221; custom_padding=&#8221;0px|||||&#8221; hover_enabled=&#8221;0&#8243; global_colors_info=&#8221;{}&#8221; sticky_enabled=&#8221;0&#8243;]<\/p>\n<h3 style=\"text-align: center;\"><span style=\"color: #000080;\"><strong><a href=\"https:\/\/dfcm.eu\/wp-content\/uploads\/2023\/04\/Outlook-of-the-banking-sector-in-Poland.pdf\" rel=\"attachment wp-att-662\" style=\"color: #000080;\"><\/a><\/strong><\/span><\/h3>\n<h3 style=\"text-align: center;\"><span style=\"color: #000080;\"><strong><a href=\"https:\/\/dfcm.eu\/wp-content\/uploads\/2023\/04\/Outlook-of-the-banking-sector-in-Poland.pdf\" rel=\"attachment wp-att-662\" style=\"color: #000080;\">\u21d3<\/a><a href=\"https:\/\/dfcm.eu\/wp-content\/uploads\/2024\/04\/Sytuacja-polskiego-sektora-bankowego-oraz-perspektywy-na-2024.pdf\" rel=\"attachment wp-att-668\">The banking sector in Poland. Current situation and trends 2024<\/a><a href=\"https:\/\/dfcm.eu\/wp-content\/uploads\/2023\/04\/Outlook-of-the-banking-sector-in-Poland.pdf\" rel=\"attachment wp-att-662\" style=\"color: #000080;\"><\/a><\/strong><\/span><span style=\"color: #000080;\"><strong><a href=\"https:\/\/dfcm.eu\/wp-content\/uploads\/2023\/04\/Outlook-of-the-banking-sector-in-Poland.pdf\" rel=\"attachment wp-att-662\" style=\"color: #000080;\"><\/a><a href=\"https:\/\/dfcm.eu\/wp-content\/uploads\/2023\/04\/Outlook-of-the-banking-sector-in-Poland.pdf\" rel=\"attachment wp-att-662\" style=\"color: #000080;\">\u21d3<\/a><\/strong><\/span><\/h3>\n<p>[\/et_pb_text][et_pb_text _builder_version=&#8221;4.10.6&#8243; _module_preset=&#8221;default&#8221; global_colors_info=&#8221;{}&#8221;]<\/p>\n<h4>Bibliography:<\/h4>\n<p>[\/et_pb_text][\/et_pb_column][\/et_pb_row][et_pb_row _builder_version=&#8221;4.5.0&#8243; _module_preset=&#8221;default&#8221; custom_padding=&#8221;0px||||false|false&#8221; global_colors_info=&#8221;{}&#8221;][et_pb_column type=&#8221;4_4&#8243; _builder_version=&#8221;4.5.0&#8243; _module_preset=&#8221;default&#8221; global_colors_info=&#8221;{}&#8221;][et_pb_text _builder_version=&#8221;4.10.6&#8243; _module_preset=&#8221;default&#8221; text_text_color=&#8221;#000000&#8243; global_colors_info=&#8221;{}&#8221;]<\/p>\n<p class=\"translation-block\">Polish Bank Association, Poland and Europe in the New Reality, Issue IX, September 2022<\/p>\n<p>(UKNF) Office of the Financial Supervisory Commission, Monthly data of the banking sector as of January 31, 2023.<\/p>\n<p class=\"translation-block\">National Bank of Poland,Financial System Stability, December 2022<\/p>\n<p class=\"translation-block\">Union of Polish Banks, Banking Monitor, December 2022<\/p>\n<p>[\/et_pb_text][\/et_pb_column][\/et_pb_row][\/et_pb_section][et_pb_section fb_built=&#8221;1&#8243; admin_label=&#8221;Services&#8221; _builder_version=&#8221;4.5.0&#8243; background_color=&#8221;#efefef&#8221; custom_padding=&#8221;35px|0px|35px|0px||&#8221; global_module=&#8221;60&#8243; global_colors_info=&#8221;{}&#8221;][et_pb_row column_structure=&#8221;1_3,1_3,1_3&#8243; _builder_version=&#8221;3.25&#8243; background_size=&#8221;initial&#8221; background_position=&#8221;top_left&#8221; background_repeat=&#8221;repeat&#8221; custom_padding=&#8221;|||&#8221; global_colors_info=&#8221;{}&#8221;][et_pb_column type=&#8221;1_3&#8243; _builder_version=&#8221;3.25&#8243; background_position=&#8221;top_left&#8221; custom_padding=&#8221;|||&#8221; global_colors_info=&#8221;{}&#8221; custom_padding__hover=&#8221;|||&#8221;][et_pb_number_counter title=&#8221;Zako\u0144czone projekty i transakcje inwestycyjne&#8221; number=&#8221;50+&#8221; percent_sign=&#8221;off&#8221; _builder_version=&#8221;4.5.0&#8243; _module_preset=&#8221;default&#8221; global_colors_info=&#8221;{}&#8221;][\/et_pb_number_counter][\/et_pb_column][et_pb_column type=&#8221;1_3&#8243; _builder_version=&#8221;3.25&#8243; background_position=&#8221;top_left&#8221; custom_padding=&#8221;|||&#8221; global_colors_info=&#8221;{}&#8221; custom_padding__hover=&#8221;|||&#8221;][et_pb_number_counter title=&#8221;Milion\u00f3w Euro zaaran\u017cowanego kapita\u0142u&#8221; number=&#8221;250+&#8221; percent_sign=&#8221;off&#8221; _builder_version=&#8221;4.5.0&#8243; _module_preset=&#8221;default&#8221; global_colors_info=&#8221;{}&#8221;][\/et_pb_number_counter][\/et_pb_column][et_pb_column type=&#8221;1_3&#8243; _builder_version=&#8221;3.25&#8243; background_position=&#8221;top_left&#8221; custom_padding=&#8221;|||&#8221; global_colors_info=&#8221;{}&#8221; custom_padding__hover=&#8221;|||&#8221;][et_pb_number_counter title=&#8221;Klient\u00f3w i partner\u00f3w&#8221; number=&#8221;500+&#8221; percent_sign=&#8221;off&#8221; _builder_version=&#8221;4.5.0&#8243; _module_preset=&#8221;default&#8221; global_colors_info=&#8221;{}&#8221;][\/et_pb_number_counter][\/et_pb_column][\/et_pb_row][\/et_pb_section][et_pb_section fb_built=&#8221;1&#8243; _builder_version=&#8221;4.5.0&#8243; _module_preset=&#8221;default&#8221; custom_padding=&#8221;2px||6px|||&#8221; global_module=&#8221;62&#8243; global_colors_info=&#8221;{}&#8221;][et_pb_row column_structure=&#8221;1_2,1_2&#8243; _builder_version=&#8221;4.5.0&#8243; _module_preset=&#8221;default&#8221; global_colors_info=&#8221;{}&#8221;][et_pb_column type=&#8221;1_2&#8243; _builder_version=&#8221;4.5.0&#8243; _module_preset=&#8221;default&#8221; global_colors_info=&#8221;{}&#8221;][et_pb_image src=&#8221;https:\/\/dfcm.eu\/wp-content\/uploads\/2020\/07\/1-1.jpg&#8221; title_text=&#8221;1&#8243; _builder_version=&#8221;4.5.0&#8243; _module_preset=&#8221;default&#8221; global_colors_info=&#8221;{}&#8221;][\/et_pb_image][\/et_pb_column][et_pb_column type=&#8221;1_2&#8243; _builder_version=&#8221;4.5.0&#8243; _module_preset=&#8221;default&#8221; global_colors_info=&#8221;{}&#8221;][et_pb_image src=&#8221;https:\/\/dfcm.eu\/wp-content\/uploads\/2020\/07\/2.jpg&#8221; title_text=&#8221;2&#8243; _builder_version=&#8221;4.5.0&#8243; _module_preset=&#8221;default&#8221; global_colors_info=&#8221;{}&#8221;][\/et_pb_image][\/et_pb_column][\/et_pb_row][et_pb_row column_structure=&#8221;1_2,1_2&#8243; _builder_version=&#8221;4.5.0&#8243; _module_preset=&#8221;default&#8221; global_colors_info=&#8221;{}&#8221;][et_pb_column type=&#8221;1_2&#8243; _builder_version=&#8221;4.5.0&#8243; _module_preset=&#8221;default&#8221; global_colors_info=&#8221;{}&#8221;][et_pb_image src=&#8221;https:\/\/dfcm.eu\/wp-content\/uploads\/2020\/07\/3-1.jpg&#8221; title_text=&#8221;3&#8243; _builder_version=&#8221;4.5.0&#8243; _module_preset=&#8221;default&#8221; global_colors_info=&#8221;{}&#8221;][\/et_pb_image][\/et_pb_column][et_pb_column type=&#8221;1_2&#8243; _builder_version=&#8221;4.5.0&#8243; _module_preset=&#8221;default&#8221; global_colors_info=&#8221;{}&#8221;][et_pb_image src=&#8221;https:\/\/dfcm.eu\/wp-content\/uploads\/2020\/07\/4.jpg&#8221; title_text=&#8221;4&#8243; _builder_version=&#8221;4.5.0&#8243; _module_preset=&#8221;default&#8221; global_colors_info=&#8221;{}&#8221;][\/et_pb_image][\/et_pb_column][\/et_pb_row][\/et_pb_section][et_pb_section fb_built=&#8221;1&#8243; admin_label=&#8221;Footer&#8221; module_id=&#8221;kontakt&#8221; _builder_version=&#8221;4.5.0&#8243; background_color=&#8221;#004a89&#8243; background_enable_image=&#8221;off&#8221; parallax=&#8221;on&#8221; custom_padding=&#8221;90px||90px|&#8221; global_module=&#8221;61&#8243; saved_tabs=&#8221;all&#8221; global_colors_info=&#8221;{}&#8221;][et_pb_row column_structure=&#8221;1_3,2_3&#8243; use_custom_gutter=&#8221;on&#8221; gutter_width=&#8221;2&#8243; make_equal=&#8221;on&#8221; _builder_version=&#8221;3.25&#8243; background_size=&#8221;initial&#8221; background_position=&#8221;top_left&#8221; background_repeat=&#8221;repeat&#8221; custom_padding=&#8221;|||&#8221; global_colors_info=&#8221;{}&#8221;][et_pb_column type=&#8221;1_3&#8243; _builder_version=&#8221;3.25&#8243; background_color=&#8221;#ffffff&#8221; background_position=&#8221;top_left&#8221; custom_padding=&#8221;50px|40px|50px|40px&#8221; global_colors_info=&#8221;{}&#8221; custom_padding__hover=&#8221;|||&#8221;][et_pb_text admin_label=&#8221;Contact US Title&#8221; _builder_version=&#8221;4.5.0&#8243; text_font_size=&#8221;16px&#8221; header_font=&#8221;Montserrat||||&#8221; header_text_color=&#8221;#000000&#8243; header_font_size=&#8221;22px&#8221; custom_padding=&#8221;0px|0px|0px|0px&#8221; animation_style=&#8221;fold&#8221; animation_direction=&#8221;bottom&#8221; animation_intensity_fold=&#8221;20%&#8221; global_colors_info=&#8221;{}&#8221;]<\/p>\n<h1>Contact us<\/h1>\n<p>[\/et_pb_text][et_pb_text admin_label=&#8221;Contact US Text&#8221; _builder_version=&#8221;4.5.0&#8243; text_text_color=&#8221;#000000&#8243; text_font_size=&#8221;16px&#8221; text_line_height=&#8221;1.8em&#8221; header_font=&#8221;||||&#8221; header_text_color=&#8221;#1f1f1f&#8221; custom_margin=&#8221;20px||30px|||&#8221; custom_padding=&#8221;0px|0px|0px|0px&#8221; animation_style=&#8221;fold&#8221; animation_direction=&#8221;bottom&#8221; animation_intensity_fold=&#8221;20%&#8221; global_colors_info=&#8221;{}&#8221;]<\/p>\n<p style=\"text-align: justify;\">If you have questions related to our company or services that we provide, please contact us.<\/p>\n<p>[\/et_pb_text][et_pb_blurb use_icon=&#8221;on&#8221; font_icon=&#8221;%%249%%&#8221; icon_placement=&#8221;left&#8221; use_icon_font_size=&#8221;on&#8221; icon_font_size=&#8221;28px&#8221; icon_font_size_last_edited=&#8221;off|desktop&#8221; admin_label=&#8221;Address&#8221; _builder_version=&#8221;4.10.6&#8243; body_text_color=&#8221;#000000&#8243; body_font_size=&#8221;16px&#8221; custom_margin=&#8221;||20px|||&#8221; animation_style=&#8221;fold&#8221; animation_direction=&#8221;bottom&#8221; animation_intensity_fold=&#8221;20%&#8221; global_colors_info=&#8221;{}&#8221;]<\/p>\n<p><span>Plac Trzech Krzy\u017cy 10\/14<\/span><br \/><span>00-535 Warsaw, Poland<\/span><\/p>\n<p>[\/et_pb_blurb][et_pb_blurb url_new_window=&#8221;on&#8221; use_icon=&#8221;on&#8221; font_icon=&#8221;%%301%%&#8221; icon_placement=&#8221;left&#8221; use_icon_font_size=&#8221;on&#8221; icon_font_size=&#8221;28px&#8221; icon_font_size_last_edited=&#8221;off|desktop&#8221; _builder_version=&#8221;4.10.6&#8243; body_text_color=&#8221;#000000&#8243; body_font_size=&#8221;16px&#8221; custom_margin=&#8221;||23px|||&#8221; animation_style=&#8221;fold&#8221; animation_direction=&#8221;bottom&#8221; animation_intensity_fold=&#8221;20%&#8221; link_option_url=&#8221;https:\/\/www.linkedin.com\/company\/df-capital-management\/mycompany\/&#8221; global_colors_info=&#8221;{}&#8221;]<\/p>\n<p>LinkedIn<\/p>\n<p>[\/et_pb_blurb][et_pb_blurb use_icon=&#8221;on&#8221; font_icon=&#8221;%%238%%&#8221; icon_placement=&#8221;left&#8221; use_icon_font_size=&#8221;on&#8221; icon_font_size=&#8221;28px&#8221; icon_font_size_last_edited=&#8221;off|desktop&#8221; admin_label=&#8221;Email&#8221; _builder_version=&#8221;4.5.0&#8243; body_text_color=&#8221;#000000&#8243; body_font_size=&#8221;16px&#8221; custom_margin=&#8221;|||&#8221; animation_style=&#8221;fold&#8221; animation_direction=&#8221;bottom&#8221; animation_intensity_fold=&#8221;20%&#8221; link_option_url=&#8221;mailto:j.dabrowski@dfcm.eu&#8221; global_colors_info=&#8221;{}&#8221;]<\/p>\n<p>j.dabrowski@dfcm.eu<\/p>\n<p>[\/et_pb_blurb][et_pb_social_media_follow _builder_version=&#8221;3.0.87&#8243; global_colors_info=&#8221;{}&#8221;][\/et_pb_social_media_follow][\/et_pb_column][et_pb_column type=&#8221;2_3&#8243; _builder_version=&#8221;3.25&#8243; background_color=&#8221;#ffffff&#8221; background_position=&#8221;top_left&#8221; custom_padding=&#8221;50px|40px|50px|40px&#8221; global_colors_info=&#8221;{}&#8221; custom_padding__hover=&#8221;|||&#8221;][et_pb_image src=&#8221;https:\/\/dfcm.eu\/wp-content\/uploads\/2021\/09\/000636_r0_940.jpg&#8221; title_text=&#8221;000636_r0_940&#8243; _builder_version=&#8221;4.10.6&#8243; _module_preset=&#8221;default&#8221; global_colors_info=&#8221;{}&#8221;][\/et_pb_image][\/et_pb_column][\/et_pb_row][\/et_pb_section]<\/p>","protected":false},"excerpt":{"rendered":"<p>Sytuacja polskiego sektora bankowego oraz perspektywy na 2024 &nbsp;Wyniki polskich bank\u00f3w za ubieg\u0142y rok prezentuja si\u0119 bardzo dobrze. Banki odnotowa\u0142y znaczne wzrosty przychod\u00f3w operacyjnych, osi\u0105gaj\u0105c wysokie wska\u017aniki dochodowo\u015bci, zw\u0142aszcza je\u015bli chodzi o dochody odsetkowe. Pomimo wyzwa\u0144 zwi\u0105zanych z portfelem kredyt\u00f3w hipotecznych denominowanych w CHF\u2696\ufe0f\ud83d\udcb4, sektor ma nadal du\u017cy potencja\u0142 dochodowy i szanse na rozw\u00f3j, szczeg\u00f3lnie [&hellip;]<\/p>","protected":false},"author":3,"featured_media":0,"parent":55,"menu_order":0,"comment_status":"closed","ping_status":"closed","template":"","meta":{"_et_pb_use_builder":"on","_et_pb_old_content":"","_et_gb_content_width":"","footnotes":""},"class_list":["post-643","page","type-page","status-publish","hentry"],"_links":{"self":[{"href":"https:\/\/dfcm.eu\/en\/wp-json\/wp\/v2\/pages\/643","targetHints":{"allow":["GET"]}}],"collection":[{"href":"https:\/\/dfcm.eu\/en\/wp-json\/wp\/v2\/pages"}],"about":[{"href":"https:\/\/dfcm.eu\/en\/wp-json\/wp\/v2\/types\/page"}],"author":[{"embeddable":true,"href":"https:\/\/dfcm.eu\/en\/wp-json\/wp\/v2\/users\/3"}],"replies":[{"embeddable":true,"href":"https:\/\/dfcm.eu\/en\/wp-json\/wp\/v2\/comments?post=643"}],"version-history":[{"count":10,"href":"https:\/\/dfcm.eu\/en\/wp-json\/wp\/v2\/pages\/643\/revisions"}],"predecessor-version":[{"id":669,"href":"https:\/\/dfcm.eu\/en\/wp-json\/wp\/v2\/pages\/643\/revisions\/669"}],"up":[{"embeddable":true,"href":"https:\/\/dfcm.eu\/en\/wp-json\/wp\/v2\/pages\/55"}],"wp:attachment":[{"href":"https:\/\/dfcm.eu\/en\/wp-json\/wp\/v2\/media?parent=643"}],"curies":[{"name":"wp","href":"https:\/\/api.w.org\/{rel}","templated":true}]}}