{"id":412,"date":"2021-09-24T11:49:04","date_gmt":"2021-09-24T09:49:04","guid":{"rendered":"https:\/\/dfcm.eu\/?page_id=412"},"modified":"2021-12-14T12:09:42","modified_gmt":"2021-12-14T11:09:42","slug":"czy-neo-banki-narusza-status-quo-na-rynku-pozyczkowym","status":"publish","type":"page","link":"https:\/\/dfcm.eu\/en\/aktualnosci\/czy-neo-banki-narusza-status-quo-na-rynku-pozyczkowym\/","title":{"rendered":"Neo-banks: New lending market disruptors?"},"content":{"rendered":"[et_pb_section fb_built=&#8221;1&#8243; fullwidth=&#8221;on&#8221; admin_label=&#8221;Page Header&#8221; _builder_version=&#8221;4.5.0&#8243; background_enable_image=&#8221;off&#8221; parallax=&#8221;on&#8221; bottom_divider_style=&#8221;slant2&#8243; bottom_divider_color=&#8221;#ffffff&#8221; bottom_divider_height_tablet=&#8221;40px&#8221; bottom_divider_height_phone=&#8221;20px&#8221; bottom_divider_height_last_edited=&#8221;on|phone&#8221; global_module=&#8221;59&#8243; global_colors_info=&#8221;{}&#8221;][et_pb_fullwidth_image src=&#8221;https:\/\/dfcm.eu\/wp-content\/uploads\/2020\/07\/banner_top_f.jpg&#8221; title_text=&#8221;banner_top_f&#8221; _builder_version=&#8221;4.5.0&#8243; _module_preset=&#8221;default&#8221; global_colors_info=&#8221;{}&#8221;][\/et_pb_fullwidth_image][\/et_pb_section][et_pb_section fb_built=&#8221;1&#8243; _builder_version=&#8221;4.5.0&#8243; _module_preset=&#8221;default&#8221; custom_padding=&#8221;1px||3px|||&#8221; global_colors_info=&#8221;{}&#8221;][et_pb_row _builder_version=&#8221;4.5.0&#8243; _module_preset=&#8221;default&#8221; global_colors_info=&#8221;{}&#8221;][et_pb_column type=&#8221;4_4&#8243; _builder_version=&#8221;4.5.0&#8243; _module_preset=&#8221;default&#8221; global_colors_info=&#8221;{}&#8221;][et_pb_text _builder_version=&#8221;4.10.6&#8243; _module_preset=&#8221;default&#8221; header_font=&#8221;Montserrat||||||||&#8221; header_font_size=&#8221;39px&#8221; header_line_height=&#8221;1.5em&#8221; header_4_font_size=&#8221;20px&#8221; header_4_line_height=&#8221;1.5em&#8221; global_colors_info=&#8221;{}&#8221;]<h1>Neo-banks: New lending market disruptors?<\/h1>\n<p style=\"text-align: justify;\">Fintechs operating exclusively in the online sphere, also known as \"neo-banks\" or \"challenger banks\", have so far been associated primarily with applications that allow for management of personal finance and currency exchange with zero commission. Lending remained mainly an expertise of traditional banks, however, in this aspect there has been a significant shift recently. Klarna's spectacular growth has attracted the attention of the largest Venture Capital funds, while players such as Blender Financial Technologies, Revolut and Aion Bank have entered or are planning to enter attractive loan markets, including the Polish one.<\/p>[\/et_pb_text][\/et_pb_column][\/et_pb_row][et_pb_row _builder_version=&#8221;4.5.0&#8243; _module_preset=&#8221;default&#8221; custom_margin=&#8221;|auto|-36px|auto||&#8221; custom_padding=&#8221;3px|||||&#8221; global_colors_info=&#8221;{}&#8221;][et_pb_column type=&#8221;4_4&#8243; _builder_version=&#8221;4.5.0&#8243; _module_preset=&#8221;default&#8221; global_colors_info=&#8221;{}&#8221;][et_pb_image src=&#8221;https:\/\/dfcm.eu\/wp-content\/uploads\/2021\/09\/d8bd4b9f-c218-54df-a924-69051324a9fe_w_830.jpg&#8221; title_text=&#8221;d8bd4b9f-c218-54df-a924-69051324a9fe_w_830&#8243; _builder_version=&#8221;4.10.6&#8243; _module_preset=&#8221;default&#8221; global_colors_info=&#8221;{}&#8221;][\/et_pb_image][\/et_pb_column][\/et_pb_row][et_pb_row _builder_version=&#8221;4.5.0&#8243; _module_preset=&#8221;default&#8221; custom_margin=&#8221;-9px|auto||auto||&#8221; custom_padding=&#8221;4px|||||&#8221; global_colors_info=&#8221;{}&#8221;][et_pb_column type=&#8221;4_4&#8243; _builder_version=&#8221;4.5.0&#8243; _module_preset=&#8221;default&#8221; global_colors_info=&#8221;{}&#8221;][et_pb_text _builder_version=&#8221;4.10.6&#8243; _module_preset=&#8221;default&#8221; text_font_size=&#8221;11px&#8221; global_colors_info=&#8221;{}&#8221;]<p><em>Sebastian Siemi\u0105tkowski, Klarna CEO<\/em><\/p>[\/et_pb_text][et_pb_text _builder_version=&#8221;4.10.6&#8243; _module_preset=&#8221;default&#8221; text_text_color=&#8221;#000000&#8243; header_5_font_size=&#8221;15px&#8221; header_5_line_height=&#8221;1.5em&#8221; global_colors_info=&#8221;{}&#8221;]<p style=\"text-align: justify;\">However, the loan market is much more complex due to the credit default risk and asymmetry of information. The Swedish fintech Klarna, which has a banking license, offers a buy-now-pay-later (BNPL) service, which is the possibility of deferring a payment for online purchases by 30 days. Losses of the company valued at more than <strong>$46 billion<\/strong> due to the insolvency of borrowers doubled from the previous quarter, increasing the operating loss tenfold from the previous year to <strong>$111 million.<\/strong> This can be a result of a rapid expansion on foreign markets, including in Spain, New Zealand, Poland and the USA. In the latter one, the volume of granted loans increased by over <strong>300% year-over-year.<\/strong>A possible explanation for the losses may be that there was a reverse negative selection, which means that Klarna increased its market share by providing loans to consumers with lower creditworthiness.<\/p>\n<p style=\"text-align: justify;\"><\/p>\n<p style=\"text-align: justify;\">Increasing market penetration is attracting the attention of investors. In July 2021, Klarna raised nearly <strong>$700 million<\/strong>in a financing round led by Japanese SoftBank Vision Fund, increasing the total capital raised to <strong>$3.7 billion.<\/strong>However, in order to return to profitability, as it was before 2019, Swedish fintech arguably will need to be more selective about to whom it grants its loans - just like traditional banks.<\/p>\n<p style=\"text-align: justify;\"><\/p>\n<p style=\"text-align: justify;\">It is worth paying attention to the fact that the British regulator Financial Conduct Authority intends to increase its controls over the BNPL market due to the growing popularity of this solution, which will likely mean new regulations. This, in turn, may increase the interest in the BNPL market by financial supervision institutions in other countries. It is highly probable that the new regulations will be better handled by traditional banks which had to significantly adapt to strict regulations after the financial crisis in 2008.<\/p>\n<p style=\"text-align: justify;\"><\/p>\n<p style=\"text-align: justify;\">Klarna, which has been operating since 2005 and currently is growing rapidly, will soon face two British competitors - Revolut and Monzo. Both fintechs officially and unofficially communicated adding a BNPL functionality, which would extend their offer of mobile banking. It will be worth following how BNPL will affect both fintechs profitability, as both recorded a<strong> net loss of over \u00a3100m last year.<\/strong><\/p>\n<p style=\"text-align: justify;\"><\/p>\n<p style=\"text-align: justify;\">An example of a neo-bank highly active on the lending market is the Israeli Blender Financial Technologies, which obtained in total <strong>$25 million of funds<\/strong> which included an IPO on the Tel Aviv Stock Exchange in February 2021. Currently applying for a European banking license, Blender operates in Israel, Lithuania, and Latvia and specializes in cash loans, BNPL, and car loans with a total credit portfolio of <strong>$245 million<\/strong>.<\/p>\n<p style=\"text-align: justify;\"><\/p>\n<p style=\"text-align: justify;\">Another neo-bank that has entered the loan market is Aion Bank, which recently has entered the Polish market and allows its customers to apply for a loan of up to <strong>PLN 50,000 PLN ($13,000)<\/strong> with a repayment period of up to <strong>96 months.<\/strong>Thanks to the integration with Mastercard, the entire process is run online, including the credit check. The possibility of taking a loan from Aion Bank supplements its offer of mobile banking.<\/p>\n<p style=\"text-align: justify;\"><\/p>\n<p style=\"text-align: justify;\">As in the case of Insurtechs, neo-banks are already changing the loan market. They have definitely gained an upper hand in technology, as well as in implementing solutions allowing for an easy use of financial services, also including those available before, such as instalment sales, however, without the mobile app feature. On the other hand, these new institutions will need to maintain a manageable default rate in the process of rapid expansion and to adjust to the new regulations.<\/p>[\/et_pb_text][\/et_pb_column][\/et_pb_row][et_pb_row _builder_version=&#8221;4.5.0&#8243; _module_preset=&#8221;default&#8221; custom_padding=&#8221;||4px|||&#8221; global_colors_info=&#8221;{}&#8221;][et_pb_column type=&#8221;4_4&#8243; _builder_version=&#8221;4.5.0&#8243; _module_preset=&#8221;default&#8221; global_colors_info=&#8221;{}&#8221;][et_pb_text _builder_version=&#8221;4.10.6&#8243; _module_preset=&#8221;default&#8221; global_colors_info=&#8221;{}&#8221;]<h4>Bibliography:<\/h4>[\/et_pb_text][\/et_pb_column][\/et_pb_row][et_pb_row _builder_version=&#8221;4.5.0&#8243; _module_preset=&#8221;default&#8221; custom_padding=&#8221;0px||||false|false&#8221; global_colors_info=&#8221;{}&#8221;][et_pb_column type=&#8221;4_4&#8243; _builder_version=&#8221;4.5.0&#8243; _module_preset=&#8221;default&#8221; global_colors_info=&#8221;{}&#8221;][et_pb_text _builder_version=&#8221;4.10.6&#8243; _module_preset=&#8221;default&#8221; text_text_color=&#8221;#000000&#8243; global_colors_info=&#8221;{}&#8221;]<p>Browne, R., 2021. \u2018British fintechs are jumping into the booming buy now, pay later market\u2019 <em>CNBC. https:\/\/www.cnbc.com\/2021\/09\/10\/monzo-and-revolut-to-enter-buy-now-pay-later-market.html <\/em><\/p>\n<p>Krzemi\u0144ska-Albrycht, I., 2021. \u2018Aion Bank wprowadza po\u017cyczki. W pe\u0142ni cyfrowo udzieli finansowania do 50 tys. z\u0142\u2019 <em>Cashless.pl<\/em>. https:\/\/www.cashless.pl\/10566-aion-bank-pozyczki<\/p>\n<p>Milne R., 2021. \u2018Klarna\u2019s losses soar as credit defaults double\u2019 <em>Financial Times.<\/em> https:\/\/www.ft.com\/content\/46f2fff1-846b-48bb-adfb-805e916a6b47<\/p>[\/et_pb_text][\/et_pb_column][\/et_pb_row][\/et_pb_section][et_pb_section fb_built=&#8221;1&#8243; admin_label=&#8221;Services&#8221; _builder_version=&#8221;4.5.0&#8243; background_color=&#8221;#efefef&#8221; custom_padding=&#8221;35px|0px|35px|0px||&#8221; global_module=&#8221;60&#8243; global_colors_info=&#8221;{}&#8221;][et_pb_row column_structure=&#8221;1_3,1_3,1_3&#8243; _builder_version=&#8221;3.25&#8243; background_size=&#8221;initial&#8221; background_position=&#8221;top_left&#8221; background_repeat=&#8221;repeat&#8221; custom_padding=&#8221;|||&#8221; global_colors_info=&#8221;{}&#8221;][et_pb_column type=&#8221;1_3&#8243; _builder_version=&#8221;3.25&#8243; background_position=&#8221;top_left&#8221; custom_padding=&#8221;|||&#8221; global_colors_info=&#8221;{}&#8221; custom_padding__hover=&#8221;|||&#8221;][et_pb_number_counter title=&#8221;Zako\u0144czone projekty i transakcje inwestycyjne&#8221; number=&#8221;50+&#8221; percent_sign=&#8221;off&#8221; _builder_version=&#8221;4.5.0&#8243; _module_preset=&#8221;default&#8221; global_colors_info=&#8221;{}&#8221;][\/et_pb_number_counter][\/et_pb_column][et_pb_column type=&#8221;1_3&#8243; _builder_version=&#8221;3.25&#8243; background_position=&#8221;top_left&#8221; custom_padding=&#8221;|||&#8221; global_colors_info=&#8221;{}&#8221; custom_padding__hover=&#8221;|||&#8221;][et_pb_number_counter title=&#8221;Milion\u00f3w Euro zaaran\u017cowanego kapita\u0142u&#8221; number=&#8221;250+&#8221; percent_sign=&#8221;off&#8221; _builder_version=&#8221;4.5.0&#8243; _module_preset=&#8221;default&#8221; global_colors_info=&#8221;{}&#8221;][\/et_pb_number_counter][\/et_pb_column][et_pb_column type=&#8221;1_3&#8243; _builder_version=&#8221;3.25&#8243; background_position=&#8221;top_left&#8221; custom_padding=&#8221;|||&#8221; global_colors_info=&#8221;{}&#8221; custom_padding__hover=&#8221;|||&#8221;][et_pb_number_counter title=&#8221;Klient\u00f3w i partner\u00f3w&#8221; number=&#8221;500+&#8221; percent_sign=&#8221;off&#8221; _builder_version=&#8221;4.5.0&#8243; _module_preset=&#8221;default&#8221; global_colors_info=&#8221;{}&#8221;][\/et_pb_number_counter][\/et_pb_column][\/et_pb_row][\/et_pb_section][et_pb_section fb_built=&#8221;1&#8243; _builder_version=&#8221;4.5.0&#8243; _module_preset=&#8221;default&#8221; custom_padding=&#8221;2px||6px|||&#8221; global_module=&#8221;62&#8243; global_colors_info=&#8221;{}&#8221;][et_pb_row column_structure=&#8221;1_2,1_2&#8243; _builder_version=&#8221;4.5.0&#8243; _module_preset=&#8221;default&#8221; global_colors_info=&#8221;{}&#8221;][et_pb_column type=&#8221;1_2&#8243; _builder_version=&#8221;4.5.0&#8243; _module_preset=&#8221;default&#8221; global_colors_info=&#8221;{}&#8221;][et_pb_image src=&#8221;https:\/\/dfcm.eu\/wp-content\/uploads\/2020\/07\/1-1.jpg&#8221; title_text=&#8221;1&#8243; _builder_version=&#8221;4.5.0&#8243; _module_preset=&#8221;default&#8221; global_colors_info=&#8221;{}&#8221;][\/et_pb_image][\/et_pb_column][et_pb_column type=&#8221;1_2&#8243; _builder_version=&#8221;4.5.0&#8243; _module_preset=&#8221;default&#8221; global_colors_info=&#8221;{}&#8221;][et_pb_image src=&#8221;https:\/\/dfcm.eu\/wp-content\/uploads\/2020\/07\/2.jpg&#8221; title_text=&#8221;2&#8243; _builder_version=&#8221;4.5.0&#8243; _module_preset=&#8221;default&#8221; global_colors_info=&#8221;{}&#8221;][\/et_pb_image][\/et_pb_column][\/et_pb_row][et_pb_row column_structure=&#8221;1_2,1_2&#8243; _builder_version=&#8221;4.5.0&#8243; _module_preset=&#8221;default&#8221; global_colors_info=&#8221;{}&#8221;][et_pb_column type=&#8221;1_2&#8243; _builder_version=&#8221;4.5.0&#8243; _module_preset=&#8221;default&#8221; global_colors_info=&#8221;{}&#8221;][et_pb_image src=&#8221;https:\/\/dfcm.eu\/wp-content\/uploads\/2020\/07\/3-1.jpg&#8221; title_text=&#8221;3&#8243; _builder_version=&#8221;4.5.0&#8243; _module_preset=&#8221;default&#8221; global_colors_info=&#8221;{}&#8221;][\/et_pb_image][\/et_pb_column][et_pb_column type=&#8221;1_2&#8243; _builder_version=&#8221;4.5.0&#8243; _module_preset=&#8221;default&#8221; global_colors_info=&#8221;{}&#8221;][et_pb_image src=&#8221;https:\/\/dfcm.eu\/wp-content\/uploads\/2020\/07\/4.jpg&#8221; title_text=&#8221;4&#8243; _builder_version=&#8221;4.5.0&#8243; _module_preset=&#8221;default&#8221; global_colors_info=&#8221;{}&#8221;][\/et_pb_image][\/et_pb_column][\/et_pb_row][\/et_pb_section][et_pb_section fb_built=&#8221;1&#8243; admin_label=&#8221;Footer&#8221; module_id=&#8221;kontakt&#8221; _builder_version=&#8221;4.5.0&#8243; background_color=&#8221;#004a89&#8243; background_enable_image=&#8221;off&#8221; parallax=&#8221;on&#8221; custom_padding=&#8221;90px||90px|&#8221; global_module=&#8221;61&#8243; saved_tabs=&#8221;all&#8221; global_colors_info=&#8221;{}&#8221;][et_pb_row column_structure=&#8221;1_3,2_3&#8243; use_custom_gutter=&#8221;on&#8221; gutter_width=&#8221;2&#8243; make_equal=&#8221;on&#8221; _builder_version=&#8221;3.25&#8243; background_size=&#8221;initial&#8221; background_position=&#8221;top_left&#8221; background_repeat=&#8221;repeat&#8221; custom_padding=&#8221;|||&#8221; global_colors_info=&#8221;{}&#8221;][et_pb_column type=&#8221;1_3&#8243; _builder_version=&#8221;3.25&#8243; background_color=&#8221;#ffffff&#8221; background_position=&#8221;top_left&#8221; custom_padding=&#8221;50px|40px|50px|40px&#8221; global_colors_info=&#8221;{}&#8221; custom_padding__hover=&#8221;|||&#8221;][et_pb_text admin_label=&#8221;Contact US Title&#8221; _builder_version=&#8221;4.5.0&#8243; text_font_size=&#8221;16px&#8221; header_font=&#8221;Montserrat||||&#8221; header_text_color=&#8221;#000000&#8243; header_font_size=&#8221;22px&#8221; custom_padding=&#8221;0px|0px|0px|0px&#8221; animation_style=&#8221;fold&#8221; animation_direction=&#8221;bottom&#8221; animation_intensity_fold=&#8221;20%&#8221; global_colors_info=&#8221;{}&#8221;]<h1>Contact us<\/h1>[\/et_pb_text][et_pb_text admin_label=&#8221;Contact US Text&#8221; _builder_version=&#8221;4.5.0&#8243; text_text_color=&#8221;#000000&#8243; text_font_size=&#8221;16px&#8221; text_line_height=&#8221;1.8em&#8221; header_font=&#8221;||||&#8221; header_text_color=&#8221;#1f1f1f&#8221; custom_margin=&#8221;20px||30px|||&#8221; custom_padding=&#8221;0px|0px|0px|0px&#8221; animation_style=&#8221;fold&#8221; animation_direction=&#8221;bottom&#8221; animation_intensity_fold=&#8221;20%&#8221; global_colors_info=&#8221;{}&#8221;]<p style=\"text-align: justify;\">If you have questions related to our company or services that we provide, please contact us.<\/p>[\/et_pb_text][et_pb_blurb use_icon=&#8221;on&#8221; font_icon=&#8221;%%249%%&#8221; icon_placement=&#8221;left&#8221; use_icon_font_size=&#8221;on&#8221; icon_font_size=&#8221;28px&#8221; icon_font_size_last_edited=&#8221;off|desktop&#8221; admin_label=&#8221;Address&#8221; _builder_version=&#8221;4.10.6&#8243; body_text_color=&#8221;#000000&#8243; body_font_size=&#8221;16px&#8221; custom_margin=&#8221;||20px|||&#8221; animation_style=&#8221;fold&#8221; animation_direction=&#8221;bottom&#8221; animation_intensity_fold=&#8221;20%&#8221; global_colors_info=&#8221;{}&#8221;]<p><span>Plac Trzech Krzy\u017cy 10\/14<\/span><br \/><span>00-535 Warsaw, Poland<\/span><\/p>[\/et_pb_blurb][et_pb_blurb url_new_window=&#8221;on&#8221; use_icon=&#8221;on&#8221; font_icon=&#8221;%%301%%&#8221; icon_placement=&#8221;left&#8221; use_icon_font_size=&#8221;on&#8221; icon_font_size=&#8221;28px&#8221; icon_font_size_last_edited=&#8221;off|desktop&#8221; _builder_version=&#8221;4.10.6&#8243; body_text_color=&#8221;#000000&#8243; body_font_size=&#8221;16px&#8221; custom_margin=&#8221;||23px|||&#8221; animation_style=&#8221;fold&#8221; animation_direction=&#8221;bottom&#8221; animation_intensity_fold=&#8221;20%&#8221; link_option_url=&#8221;https:\/\/www.linkedin.com\/company\/df-capital-management\/mycompany\/&#8221; global_colors_info=&#8221;{}&#8221;]<p>LinkedIn<\/p>[\/et_pb_blurb][et_pb_blurb use_icon=&#8221;on&#8221; font_icon=&#8221;%%238%%&#8221; icon_placement=&#8221;left&#8221; use_icon_font_size=&#8221;on&#8221; icon_font_size=&#8221;28px&#8221; icon_font_size_last_edited=&#8221;off|desktop&#8221; admin_label=&#8221;Email&#8221; _builder_version=&#8221;4.5.0&#8243; body_text_color=&#8221;#000000&#8243; body_font_size=&#8221;16px&#8221; custom_margin=&#8221;|||&#8221; animation_style=&#8221;fold&#8221; animation_direction=&#8221;bottom&#8221; animation_intensity_fold=&#8221;20%&#8221; link_option_url=&#8221;mailto:j.dabrowski@dfcm.eu&#8221; global_colors_info=&#8221;{}&#8221;]<p>j.dabrowski@dfcm.eu<\/p>[\/et_pb_blurb][et_pb_social_media_follow _builder_version=&#8221;3.0.87&#8243; global_colors_info=&#8221;{}&#8221;][\/et_pb_social_media_follow][\/et_pb_column][et_pb_column type=&#8221;2_3&#8243; _builder_version=&#8221;3.25&#8243; background_color=&#8221;#ffffff&#8221; background_position=&#8221;top_left&#8221; custom_padding=&#8221;50px|40px|50px|40px&#8221; global_colors_info=&#8221;{}&#8221; custom_padding__hover=&#8221;|||&#8221;][et_pb_image src=&#8221;https:\/\/dfcm.eu\/wp-content\/uploads\/2021\/09\/000636_r0_940.jpg&#8221; title_text=&#8221;000636_r0_940&#8243; _builder_version=&#8221;4.10.6&#8243; _module_preset=&#8221;default&#8221; global_colors_info=&#8221;{}&#8221;][\/et_pb_image][\/et_pb_column][\/et_pb_row][\/et_pb_section]","protected":false},"excerpt":{"rendered":"<p>Czy neo-banki narusz\u0105 status quo na rynku po\u017cyczkowym? Fintechy dzia\u0142aj\u0105ce wy\u0142\u0105cznie w sferze online, nazwane \u201eneo-bankami\u201d lub \u201echallenger banks\u201d, dotychczas kojarzy\u0142y przede wszystkim z aplikacjami pozwalaj\u0105cymi na proste zarz\u0105dzanie finansami osobistymi oraz wymian\u0105 walut bez prowizji. Us\u0142ugi po\u017cyczkowe pozostawa\u0142y jednak g\u0142\u00f3wnie w sferze tradycyjnych bank\u00f3w, jednak w tym aspekcie w ostatnim czasie tak\u017ce dosz\u0142o do [&hellip;]<\/p>","protected":false},"author":3,"featured_media":0,"parent":55,"menu_order":0,"comment_status":"closed","ping_status":"closed","template":"","meta":{"_et_pb_use_builder":"on","_et_pb_old_content":"","_et_gb_content_width":"","footnotes":""},"class_list":["post-412","page","type-page","status-publish","hentry"],"_links":{"self":[{"href":"https:\/\/dfcm.eu\/en\/wp-json\/wp\/v2\/pages\/412","targetHints":{"allow":["GET"]}}],"collection":[{"href":"https:\/\/dfcm.eu\/en\/wp-json\/wp\/v2\/pages"}],"about":[{"href":"https:\/\/dfcm.eu\/en\/wp-json\/wp\/v2\/types\/page"}],"author":[{"embeddable":true,"href":"https:\/\/dfcm.eu\/en\/wp-json\/wp\/v2\/users\/3"}],"replies":[{"embeddable":true,"href":"https:\/\/dfcm.eu\/en\/wp-json\/wp\/v2\/comments?post=412"}],"version-history":[{"count":7,"href":"https:\/\/dfcm.eu\/en\/wp-json\/wp\/v2\/pages\/412\/revisions"}],"predecessor-version":[{"id":430,"href":"https:\/\/dfcm.eu\/en\/wp-json\/wp\/v2\/pages\/412\/revisions\/430"}],"up":[{"embeddable":true,"href":"https:\/\/dfcm.eu\/en\/wp-json\/wp\/v2\/pages\/55"}],"wp:attachment":[{"href":"https:\/\/dfcm.eu\/en\/wp-json\/wp\/v2\/media?parent=412"}],"curies":[{"name":"wp","href":"https:\/\/api.w.org\/{rel}","templated":true}]}}