{"id":253,"date":"2021-03-25T00:08:15","date_gmt":"2021-03-24T23:08:15","guid":{"rendered":"https:\/\/dfcm.eu\/?page_id=253"},"modified":"2021-03-25T12:40:24","modified_gmt":"2021-03-25T11:40:24","slug":"congress","status":"publish","type":"page","link":"https:\/\/dfcm.eu\/en\/aktualnosci\/congress\/","title":{"rendered":"Congress"},"content":{"rendered":"[et_pb_section fb_built=&#8221;1&#8243; fullwidth=&#8221;on&#8221; admin_label=&#8221;Page Header&#8221; _builder_version=&#8221;4.5.0&#8243; background_enable_image=&#8221;off&#8221; parallax=&#8221;on&#8221; bottom_divider_style=&#8221;slant2&#8243; bottom_divider_color=&#8221;#ffffff&#8221; bottom_divider_height_tablet=&#8221;40px&#8221; bottom_divider_height_phone=&#8221;20px&#8221; bottom_divider_height_last_edited=&#8221;on|phone&#8221; global_module=&#8221;59&#8243;][et_pb_fullwidth_image src=&#8221;https:\/\/dfcm.eu\/wp-content\/uploads\/2020\/07\/banner_top_f.jpg&#8221; title_text=&#8221;banner_top_f&#8221; _builder_version=&#8221;4.5.0&#8243; _module_preset=&#8221;default&#8221;][\/et_pb_fullwidth_image][\/et_pb_section][et_pb_section fb_built=&#8221;1&#8243; _builder_version=&#8221;4.5.0&#8243; _module_preset=&#8221;default&#8221; custom_padding=&#8221;1px||3px|||&#8221;][et_pb_row _builder_version=&#8221;4.5.0&#8243; _module_preset=&#8221;default&#8221;][et_pb_column type=&#8221;4_4&#8243; _builder_version=&#8221;4.5.0&#8243; _module_preset=&#8221;default&#8221;][et_pb_text content_tablet=&#8221;<h1 data-gtm-vis-first-on-screen-12681121_8=\"%22383%22\" data-gtm-vis-recent-on-screen-12681121_8=\"%22142983%22\" data-gtm-vis-total-visible-time-12681121_8=\"%22100%22\" data-gtm-vis-has-fired-12681121_8=\"%221%22\"><span lang=\"%22pl%22\">BIK finalizuje nabycie Punkty<\/span><\/h1>\n<h4><\/h4>\n<h4 class=\"%22tw-data-text\" tw-text-large xcvn5d tw-ta%22 data-placeholder=\"%22T\u0142umaczenie%22\" id=\"%22tw-target-text%22\" dir=\"%22ltr%22\"><span lang=\"%22pl%22\">Pollen Street Capital are pleased to announce BIK has acquired Punkta, a leading online comparison platform focused on Motor and other personal lines insurance in Poland.<\/span><\/h4>&#8221; content_phone=&#8221;<h1 data-gtm-vis-first-on-screen-12681121_8=\"%22383%22\" data-gtm-vis-recent-on-screen-12681121_8=\"%22142983%22\" data-gtm-vis-total-visible-time-12681121_8=\"%22100%22\" data-gtm-vis-has-fired-12681121_8=\"%221%22\"><span lang=\"%22pl%22\">BIK finalizuje nabycie Punkty<\/span><\/h1>\n<h4><\/h4>\n<h4 class=\"%22tw-data-text\" tw-text-large xcvn5d tw-ta%22 data-placeholder=\"%22T\u0142umaczenie%22\" id=\"%22tw-target-text%22\" dir=\"%22ltr%22\"><span lang=\"%22pl%22\">Pollen Street Capital are pleased to announce BIK has acquired Punkta, a leading online comparison platform focused on Motor and other personal lines insurance in Poland.<\/span><\/h4>&#8221; content_last_edited=&#8221;off|desktop&#8221; _builder_version=&#8221;4.9.2&#8243; _module_preset=&#8221;default&#8221; header_font=&#8221;Montserrat||||||||&#8221; header_font_size=&#8221;39px&#8221; header_line_height=&#8221;1.5em&#8221; header_4_font_size=&#8221;20px&#8221; header_4_line_height=&#8221;1.5em&#8221; hover_enabled=&#8221;0&#8243; sticky_enabled=&#8221;0&#8243;]<h1 data-gtm-vis-first-on-screen-12681121_8=\"383\" data-gtm-vis-recent-on-screen-12681121_8=\"142983\" data-gtm-vis-total-visible-time-12681121_8=\"100\" data-gtm-vis-has-fired-12681121_8=\"1\"><b><span>FinTech &amp; InsurTech Digital Congress<\/span><\/b><\/h1>\n<h4 style=\"text-align: justify;\"><\/h4>\n<h4 class=\"tw-data-text tw-text-large XcVN5d tw-ta\" data-placeholder=\"T\u0142umaczenie\" id=\"tw-target-text\" dir=\"ltr\">On March 18-19, DFCM had the honor of participating in the FinTech &amp; InsurTech Digital Congress conference with the participation of the leaders of the insurance and banking industries in the context of growing pressure from fintechs and insurtechs and the challenges after the coronavirus pandemic.<\/h4>[\/et_pb_text][\/et_pb_column][\/et_pb_row][et_pb_row _builder_version=&#8221;4.9.2&#8243; _module_preset=&#8221;default&#8221;][et_pb_column _builder_version=&#8221;4.9.2&#8243; _module_preset=&#8221;default&#8221; type=&#8221;4_4&#8243;][et_pb_image src=&#8221;https:\/\/dfcm.eu\/wp-content\/uploads\/2021\/03\/Zrzut-ekranu-2021-03-24-o-23.57.25.png&#8221; _builder_version=&#8221;4.9.2&#8243; _module_preset=&#8221;default&#8221; title_text=&#8221;Zrzut ekranu 2021-03-24 o 23.57.25&#8243; hover_enabled=&#8221;0&#8243; sticky_enabled=&#8221;0&#8243;][\/et_pb_image][\/et_pb_column][\/et_pb_row][et_pb_row _builder_version=&#8221;4.5.0&#8243; _module_preset=&#8221;default&#8221; custom_margin=&#8221;-9px|auto||auto||&#8221; custom_padding=&#8221;4px|||||&#8221;][et_pb_column type=&#8221;4_4&#8243; _builder_version=&#8221;4.5.0&#8243; _module_preset=&#8221;default&#8221;][et_pb_text _builder_version=&#8221;4.8.2&#8243; _module_preset=&#8221;default&#8221; text_text_color=&#8221;#000000&#8243; header_5_font_size=&#8221;15px&#8221; header_5_line_height=&#8221;1.5em&#8221; hover_enabled=&#8221;0&#8243; sticky_enabled=&#8221;0&#8243;]<p style=\"font-weight: 400;\">As part of the debates held during the Congress, Mr. Jaros\u0142aw D\u0105browski - CEO of DFCM led a discussion on Key trends in value building for banking &amp; insurance sector.<span>\u00a0<\/span><strong>Key trends in value building for banking &amp; insurance sector<\/strong>.<\/p>\n<p style=\"font-weight: 400;\"><\/p>\n<p>We invite you to read the presented presentation.<\/p>\n<p><a href=\"https:\/\/dfcm.eu\/wp-content\/uploads\/2021\/03\/FINTECH_INSURTECH_EN.pdf\">LINK<\/a><\/p>\n<p class=\"tw-data-text tw-text-large XcVN5d tw-ta\" data-placeholder=\"T\u0142umaczenie\" id=\"tw-target-text\" dir=\"ltr\"><span lang=\"pl\"><\/span><\/p>[\/et_pb_text][\/et_pb_column][\/et_pb_row][\/et_pb_section][et_pb_section fb_built=&#8221;1&#8243; admin_label=&#8221;Services&#8221; _builder_version=&#8221;4.5.0&#8243; background_color=&#8221;#efefef&#8221; custom_padding=&#8221;35px|0px|35px|0px||&#8221; global_module=&#8221;60&#8243;][et_pb_row column_structure=&#8221;1_3,1_3,1_3&#8243; _builder_version=&#8221;3.25&#8243; background_size=&#8221;initial&#8221; background_position=&#8221;top_left&#8221; background_repeat=&#8221;repeat&#8221; custom_padding=&#8221;|||&#8221;][et_pb_column type=&#8221;1_3&#8243; _builder_version=&#8221;3.25&#8243; background_position=&#8221;top_left&#8221; custom_padding=&#8221;|||&#8221; custom_padding__hover=&#8221;|||&#8221;][et_pb_number_counter title=&#8221;Zako\u0144czone projekty i transakcje inwestycyjne&#8221; number=&#8221;50+&#8221; percent_sign=&#8221;off&#8221; _builder_version=&#8221;4.5.0&#8243; _module_preset=&#8221;default&#8221;][\/et_pb_number_counter][\/et_pb_column][et_pb_column type=&#8221;1_3&#8243; _builder_version=&#8221;3.25&#8243; background_position=&#8221;top_left&#8221; custom_padding=&#8221;|||&#8221; custom_padding__hover=&#8221;|||&#8221;][et_pb_number_counter title=&#8221;Milion\u00f3w Euro zaaran\u017cowanego kapita\u0142u&#8221; number=&#8221;250+&#8221; percent_sign=&#8221;off&#8221; _builder_version=&#8221;4.5.0&#8243; _module_preset=&#8221;default&#8221;][\/et_pb_number_counter][\/et_pb_column][et_pb_column type=&#8221;1_3&#8243; _builder_version=&#8221;3.25&#8243; background_position=&#8221;top_left&#8221; custom_padding=&#8221;|||&#8221; custom_padding__hover=&#8221;|||&#8221;][et_pb_number_counter title=&#8221;Klient\u00f3w i partner\u00f3w&#8221; number=&#8221;500+&#8221; percent_sign=&#8221;off&#8221; _builder_version=&#8221;4.5.0&#8243; _module_preset=&#8221;default&#8221;][\/et_pb_number_counter][\/et_pb_column][\/et_pb_row][\/et_pb_section][et_pb_section fb_built=&#8221;1&#8243; _builder_version=&#8221;4.5.0&#8243; _module_preset=&#8221;default&#8221; custom_padding=&#8221;2px||6px|||&#8221; global_module=&#8221;62&#8243;][et_pb_row column_structure=&#8221;1_2,1_2&#8243; _builder_version=&#8221;4.5.0&#8243; _module_preset=&#8221;default&#8221;][et_pb_column type=&#8221;1_2&#8243; _builder_version=&#8221;4.5.0&#8243; _module_preset=&#8221;default&#8221;][et_pb_image src=&#8221;https:\/\/dfcm.eu\/wp-content\/uploads\/2020\/07\/1-1.jpg&#8221; title_text=&#8221;1&#8243; _builder_version=&#8221;4.5.0&#8243; _module_preset=&#8221;default&#8221;][\/et_pb_image][\/et_pb_column][et_pb_column type=&#8221;1_2&#8243; _builder_version=&#8221;4.5.0&#8243; _module_preset=&#8221;default&#8221;][et_pb_image src=&#8221;https:\/\/dfcm.eu\/wp-content\/uploads\/2020\/07\/2.jpg&#8221; title_text=&#8221;2&#8243; _builder_version=&#8221;4.5.0&#8243; _module_preset=&#8221;default&#8221;][\/et_pb_image][\/et_pb_column][\/et_pb_row][et_pb_row column_structure=&#8221;1_2,1_2&#8243; _builder_version=&#8221;4.5.0&#8243; _module_preset=&#8221;default&#8221;][et_pb_column type=&#8221;1_2&#8243; _builder_version=&#8221;4.5.0&#8243; _module_preset=&#8221;default&#8221;][et_pb_image src=&#8221;https:\/\/dfcm.eu\/wp-content\/uploads\/2020\/07\/3-1.jpg&#8221; title_text=&#8221;3&#8243; _builder_version=&#8221;4.5.0&#8243; _module_preset=&#8221;default&#8221;][\/et_pb_image][\/et_pb_column][et_pb_column type=&#8221;1_2&#8243; _builder_version=&#8221;4.5.0&#8243; _module_preset=&#8221;default&#8221;][et_pb_image src=&#8221;https:\/\/dfcm.eu\/wp-content\/uploads\/2020\/07\/4.jpg&#8221; title_text=&#8221;4&#8243; _builder_version=&#8221;4.5.0&#8243; _module_preset=&#8221;default&#8221;][\/et_pb_image][\/et_pb_column][\/et_pb_row][\/et_pb_section][et_pb_section fb_built=&#8221;1&#8243; admin_label=&#8221;Footer&#8221; module_id=&#8221;kontakt&#8221; _builder_version=&#8221;4.5.0&#8243; background_color=&#8221;#004a89&#8243; background_enable_image=&#8221;off&#8221; parallax=&#8221;on&#8221; custom_padding=&#8221;90px||90px|&#8221; global_module=&#8221;61&#8243; saved_tabs=&#8221;all&#8221;][et_pb_row column_structure=&#8221;1_3,2_3&#8243; use_custom_gutter=&#8221;on&#8221; gutter_width=&#8221;2&#8243; make_equal=&#8221;on&#8221; _builder_version=&#8221;3.25&#8243; background_size=&#8221;initial&#8221; background_position=&#8221;top_left&#8221; background_repeat=&#8221;repeat&#8221; custom_padding=&#8221;|||&#8221;][et_pb_column type=&#8221;1_3&#8243; _builder_version=&#8221;3.25&#8243; background_color=&#8221;#ffffff&#8221; background_position=&#8221;top_left&#8221; custom_padding=&#8221;50px|40px|50px|40px&#8221; custom_padding__hover=&#8221;|||&#8221;][et_pb_text admin_label=&#8221;Contact US Title&#8221; _builder_version=&#8221;4.5.0&#8243; text_font_size=&#8221;16px&#8221; header_font=&#8221;Montserrat||||&#8221; header_text_color=&#8221;#000000&#8243; header_font_size=&#8221;22px&#8221; custom_padding=&#8221;0px|0px|0px|0px&#8221; animation_style=&#8221;fold&#8221; animation_direction=&#8221;bottom&#8221; animation_intensity_fold=&#8221;20%&#8221;]<h1>Contact us<\/h1>[\/et_pb_text][et_pb_text admin_label=&#8221;Contact US Text&#8221; _builder_version=&#8221;4.5.0&#8243; text_text_color=&#8221;#000000&#8243; text_font_size=&#8221;16px&#8221; text_line_height=&#8221;1.8em&#8221; header_font=&#8221;||||&#8221; header_text_color=&#8221;#1f1f1f&#8221; custom_margin=&#8221;20px||30px|||&#8221; custom_padding=&#8221;0px|0px|0px|0px&#8221; animation_style=&#8221;fold&#8221; animation_direction=&#8221;bottom&#8221; animation_intensity_fold=&#8221;20%&#8221;]<p style=\"text-align: justify;\">If you have questions related to our company or services that we provide, please contact us.<\/p>[\/et_pb_text][et_pb_blurb use_icon=&#8221;on&#8221; font_icon=&#8221;%%249%%&#8221; icon_placement=&#8221;left&#8221; use_icon_font_size=&#8221;on&#8221; icon_font_size=&#8221;28px&#8221; icon_font_size_last_edited=&#8221;off|desktop&#8221; admin_label=&#8221;Address&#8221; _builder_version=&#8221;4.5.0&#8243; body_text_color=&#8221;#000000&#8243; body_font_size=&#8221;16px&#8221; custom_margin=&#8221;||20px|||&#8221; animation_style=&#8221;fold&#8221; animation_direction=&#8221;bottom&#8221; animation_intensity_fold=&#8221;20%&#8221;]<p class=\"translation-block\"><span>Al. Jerozolimskie 96<\/span><br> <span>00-807 Warsaw<\/span><\/p>[\/et_pb_blurb][et_pb_blurb use_icon=&#8221;on&#8221; font_icon=&#8221;%%301%%&#8221; icon_placement=&#8221;left&#8221; use_icon_font_size=&#8221;on&#8221; icon_font_size=&#8221;28px&#8221; icon_font_size_last_edited=&#8221;off|desktop&#8221; _builder_version=&#8221;4.5.0&#8243; body_text_color=&#8221;#000000&#8243; body_font_size=&#8221;16px&#8221; custom_margin=&#8221;||23px|||&#8221; animation_style=&#8221;fold&#8221; animation_direction=&#8221;bottom&#8221; animation_intensity_fold=&#8221;20%&#8221; link_option_url=&#8221;https:\/\/www.linkedin.com\/in\/jdabrowski1&#8243;]<p>linkedin.com\/in\/jdabrowski1<\/p>[\/et_pb_blurb][et_pb_blurb use_icon=&#8221;on&#8221; font_icon=&#8221;%%238%%&#8221; icon_placement=&#8221;left&#8221; use_icon_font_size=&#8221;on&#8221; icon_font_size=&#8221;28px&#8221; icon_font_size_last_edited=&#8221;off|desktop&#8221; admin_label=&#8221;Email&#8221; _builder_version=&#8221;4.5.0&#8243; body_text_color=&#8221;#000000&#8243; body_font_size=&#8221;16px&#8221; custom_margin=&#8221;|||&#8221; animation_style=&#8221;fold&#8221; animation_direction=&#8221;bottom&#8221; animation_intensity_fold=&#8221;20%&#8221; link_option_url=&#8221;mailto:j.dabrowski@dfcm.eu&#8221;]<p>j.dabrowski@dfcm.eu<\/p>[\/et_pb_blurb][et_pb_social_media_follow admin_label=&#8221;Facebook&#8221; _builder_version=&#8221;4.5.0&#8243; text_orientation=&#8221;center&#8221; custom_margin=&#8221;||0px|||&#8221; custom_padding=&#8221;29px|||||&#8221; border_radii=&#8221;on|100%|100%|100%|100%&#8221; link_shape=&#8221;circle&#8221;][et_pb_social_media_follow_network social_network=&#8221;facebook&#8221; url=&#8221;https:\/\/www.facebook.com\/JDFCM\/&#8221; _builder_version=&#8221;4.5.0&#8243; background_color=&#8221;#c1c1c1&#8243; custom_margin=&#8221;|10px||&#8221; bg_color=&#8221;#3b5998&#8243; link_shape=&#8221;circle&#8221; follow_button=&#8221;off&#8221; url_new_window=&#8221;on&#8221;]facebook[\/et_pb_social_media_follow_network][\/et_pb_social_media_follow][et_pb_social_media_follow _builder_version=&#8221;3.0.87&#8243;][\/et_pb_social_media_follow][\/et_pb_column][et_pb_column type=&#8221;2_3&#8243; _builder_version=&#8221;3.25&#8243; background_color=&#8221;#ffffff&#8221; background_position=&#8221;top_left&#8221; custom_padding=&#8221;50px|40px|50px|40px&#8221; custom_padding__hover=&#8221;|||&#8221;][et_pb_image src=&#8221;https:\/\/dfcm.eu\/wp-content\/uploads\/2020\/07\/WarszawaCBDByDay.jpg&#8221; title_text=&#8221;WarszawaCBDByDay&#8221; _builder_version=&#8221;4.5.0&#8243; _module_preset=&#8221;default&#8221;][\/et_pb_image][\/et_pb_column][\/et_pb_row][\/et_pb_section]","protected":false},"excerpt":{"rendered":"<p>FinTech &amp; InsurTech Digital Congress DFCM mia\u0142 zaszczyt uczestniczenia w dniach 18-19 marca, w konferencji\u00a0FinTech &amp; InsurTech Digital Congress\u00a0z udzia\u0142em lider\u00f3w bran\u017c ubezpieczeniowej oraz bankowej w kontek\u015bcie narastaj\u0105cej presji ze strony fintech\u00f3w i insurtech\u00f3w oraz wyzwa\u0144 po pandemii koronawirusa.W ramach trwaj\u0105cych w trakcie Kongresu debat, Pan Jaros\u0142aw D\u0105browski \u2013 CEO DFCM poprowadzi\u0142 dyskusj\u0119 pt.\u00a0Key trends [&hellip;]<\/p>","protected":false},"author":3,"featured_media":0,"parent":55,"menu_order":0,"comment_status":"closed","ping_status":"closed","template":"","meta":{"_et_pb_use_builder":"on","_et_pb_old_content":"","_et_gb_content_width":"","footnotes":""},"class_list":["post-253","page","type-page","status-publish","hentry"],"_links":{"self":[{"href":"https:\/\/dfcm.eu\/en\/wp-json\/wp\/v2\/pages\/253","targetHints":{"allow":["GET"]}}],"collection":[{"href":"https:\/\/dfcm.eu\/en\/wp-json\/wp\/v2\/pages"}],"about":[{"href":"https:\/\/dfcm.eu\/en\/wp-json\/wp\/v2\/types\/page"}],"author":[{"embeddable":true,"href":"https:\/\/dfcm.eu\/en\/wp-json\/wp\/v2\/users\/3"}],"replies":[{"embeddable":true,"href":"https:\/\/dfcm.eu\/en\/wp-json\/wp\/v2\/comments?post=253"}],"version-history":[{"count":10,"href":"https:\/\/dfcm.eu\/en\/wp-json\/wp\/v2\/pages\/253\/revisions"}],"predecessor-version":[{"id":288,"href":"https:\/\/dfcm.eu\/en\/wp-json\/wp\/v2\/pages\/253\/revisions\/288"}],"up":[{"embeddable":true,"href":"https:\/\/dfcm.eu\/en\/wp-json\/wp\/v2\/pages\/55"}],"wp:attachment":[{"href":"https:\/\/dfcm.eu\/en\/wp-json\/wp\/v2\/media?parent=253"}],"curies":[{"name":"wp","href":"https:\/\/api.w.org\/{rel}","templated":true}]}}