{"id":216,"date":"2021-02-05T23:35:08","date_gmt":"2021-02-05T22:35:08","guid":{"rendered":"https:\/\/dfcm.eu\/?page_id=216"},"modified":"2021-09-07T16:36:59","modified_gmt":"2021-09-07T14:36:59","slug":"bik","status":"publish","type":"page","link":"https:\/\/dfcm.eu\/en\/aktualnosci\/bik\/","title":{"rendered":"BIK"},"content":{"rendered":"<p>[et_pb_section fb_built=&#8221;1&#8243; fullwidth=&#8221;on&#8221; admin_label=&#8221;Page Header&#8221; _builder_version=&#8221;4.5.0&#8243; background_enable_image=&#8221;off&#8221; parallax=&#8221;on&#8221; bottom_divider_style=&#8221;slant2&#8243; bottom_divider_color=&#8221;#ffffff&#8221; bottom_divider_height_tablet=&#8221;40px&#8221; bottom_divider_height_phone=&#8221;20px&#8221; bottom_divider_height_last_edited=&#8221;on|phone&#8221; global_module=&#8221;59&#8243; global_colors_info=&#8221;{}&#8221;][et_pb_fullwidth_image src=&#8221;https:\/\/dfcm.eu\/wp-content\/uploads\/2020\/07\/banner_top_f.jpg&#8221; title_text=&#8221;banner_top_f&#8221; _builder_version=&#8221;4.5.0&#8243; _module_preset=&#8221;default&#8221; global_colors_info=&#8221;{}&#8221;][\/et_pb_fullwidth_image][\/et_pb_section][et_pb_section fb_built=&#8221;1&#8243; _builder_version=&#8221;4.5.0&#8243; _module_preset=&#8221;default&#8221; custom_padding=&#8221;1px||3px|||&#8221; global_colors_info=&#8221;{}&#8221;][et_pb_row _builder_version=&#8221;4.5.0&#8243; _module_preset=&#8221;default&#8221; global_colors_info=&#8221;{}&#8221;][et_pb_column type=&#8221;4_4&#8243; _builder_version=&#8221;4.5.0&#8243; _module_preset=&#8221;default&#8221; global_colors_info=&#8221;{}&#8221;][et_pb_text content_tablet=&#8221;<\/p>\n<h1 data-gtm-vis-first-on-screen-12681121_8=\"%22383%22\" data-gtm-vis-recent-on-screen-12681121_8=\"%22142983%22\" data-gtm-vis-total-visible-time-12681121_8=\"%22100%22\" data-gtm-vis-has-fired-12681121_8=\"%221%22\"><span lang=\"%22pl%22\">BIK finalizuje nabycie Punkty<\/span><\/h1>\n<h4><\/h4>\n<h4 class=\"%22tw-data-text\" tw-text-large xcvn5d tw-ta%22 data-placeholder=\"%22T\u0142umaczenie%22\" id=\"%22tw-target-text%22\" dir=\"%22ltr%22\"><span lang=\"%22pl%22\">Pollen Street Capital are pleased to announce BIK has acquired Punkta, a leading online comparison platform focused on Motor and other personal lines insurance in Poland.<\/span><\/h4>\n<p>&#8221; content_phone=&#8221;<\/p>\n<h1 data-gtm-vis-first-on-screen-12681121_8=\"%22383%22\" data-gtm-vis-recent-on-screen-12681121_8=\"%22142983%22\" data-gtm-vis-total-visible-time-12681121_8=\"%22100%22\" data-gtm-vis-has-fired-12681121_8=\"%221%22\"><span lang=\"%22pl%22\">BIK finalizuje nabycie Punkty<\/span><\/h1>\n<h4><\/h4>\n<h4 class=\"%22tw-data-text\" tw-text-large xcvn5d tw-ta%22 data-placeholder=\"%22T\u0142umaczenie%22\" id=\"%22tw-target-text%22\" dir=\"%22ltr%22\"><span lang=\"%22pl%22\">Pollen Street Capital are pleased to announce BIK has acquired Punkta, a leading online comparison platform focused on Motor and other personal lines insurance in Poland.<\/span><\/h4>\n<p>&#8221; content_last_edited=&#8221;on|phone&#8221; _builder_version=&#8221;4.8.2&#8243; _module_preset=&#8221;default&#8221; header_font=&#8221;Montserrat||||||||&#8221; header_font_size=&#8221;39px&#8221; header_line_height=&#8221;1.5em&#8221; header_4_font_size=&#8221;20px&#8221; header_4_line_height=&#8221;1.5em&#8221; global_colors_info=&#8221;{}&#8221;]<\/p>\n<h1 data-gtm-vis-first-on-screen-12681121_8=\"383\" data-gtm-vis-recent-on-screen-12681121_8=\"142983\" data-gtm-vis-total-visible-time-12681121_8=\"100\" data-gtm-vis-has-fired-12681121_8=\"1\"><span lang=\"pl\">BIK completes the acquisition of Punkta<\/span><\/h1>\n<h4 style=\"text-align: justify;\"><\/h4>\n<h4 class=\"tw-data-text tw-text-large XcVN5d tw-ta\" data-placeholder=\"T\u0142umaczenie\" id=\"tw-target-text\" dir=\"ltr\"><span lang=\"pl\">Pollen Street Capital are pleased to announce BIK has acquired Punkta, a leading online comparison platform focused on Motor and other personal lines insurance in Poland.<\/span><\/h4>\n<p>[\/et_pb_text][\/et_pb_column][\/et_pb_row][et_pb_row _builder_version=&#8221;4.5.0&#8243; _module_preset=&#8221;default&#8221; custom_padding=&#8221;3px|||||&#8221; global_colors_info=&#8221;{}&#8221;][et_pb_column type=&#8221;4_4&#8243; _builder_version=&#8221;4.5.0&#8243; _module_preset=&#8221;default&#8221; global_colors_info=&#8221;{}&#8221;][et_pb_image src=&#8221;https:\/\/dfcm.eu\/wp-content\/uploads\/2021\/02\/Zrzut-ekranu-2021-02-5-o-23.39.24.png&#8221; title_text=&#8221;Zrzut ekranu 2021-02-5 o 23.39.24&#8243; align=&#8221;center&#8221; _builder_version=&#8221;4.8.2&#8243; _module_preset=&#8221;default&#8221; min_height=&#8221;504px&#8221; custom_margin=&#8221;65px|||||&#8221; global_colors_info=&#8221;{}&#8221;][\/et_pb_image][\/et_pb_column][\/et_pb_row][et_pb_row _builder_version=&#8221;4.5.0&#8243; _module_preset=&#8221;default&#8221; custom_margin=&#8221;-9px|auto||auto||&#8221; custom_padding=&#8221;4px|||||&#8221; global_colors_info=&#8221;{}&#8221;][et_pb_column type=&#8221;4_4&#8243; _builder_version=&#8221;4.5.0&#8243; _module_preset=&#8221;default&#8221; global_colors_info=&#8221;{}&#8221;][et_pb_text _builder_version=&#8221;4.8.2&#8243; _module_preset=&#8221;default&#8221; text_text_color=&#8221;#000000&#8243; header_5_font_size=&#8221;15px&#8221; header_5_line_height=&#8221;1.5em&#8221; global_colors_info=&#8221;{}&#8221;]<\/p>\n<p class=\"tw-data-text tw-text-large XcVN5d tw-ta\" data-placeholder=\"T\u0142umaczenie\" id=\"tw-target-text\" dir=\"ltr\"><span lang=\"pl\">Punkta, which also trades as mFind, was launched in 2015 and has grown to become a leading player in its market, offering consumers the ability to search for, compare, and buy insurance products from a range of leading insurers online. Punkta\u2019s website, which is supported by a range of useful content on insurance and financial services, attracts over 500,000 visits per month as Polish consumers increasingly look to buy insurance and other products online for greater convenience and to save money. <\/span><\/p>\n<p class=\"tw-data-text tw-text-large XcVN5d tw-ta\" data-placeholder=\"T\u0142umaczenie\" dir=\"ltr\"><span lang=\"pl\">This is BIK\u2019s second major acquisition in the last month, with the Group also recently announcing a deal to acquire the CEE businesses of April International SA. The acquisition of Punkta further consolidates BIK\u2019s position as a leading motor insurance services provider in Poland, focused on using technology to deliver comprehensive, end-to-end services to its clients. In particular, this investment accelerates the delivery of BIK\u2019s Retail strategy, bringing an established customer base, brand and marketing capability, leading technology, and access to new personal lines product categories such as Health, Property and Travel. As a result, BIK will be uniquely positioned in offering a truly omni-channel proposition to consumers in a large and rapidly-evolving Polish market.<\/span><\/p>\n<p>[\/et_pb_text][et_pb_text _builder_version=&#8221;4.8.2&#8243; _module_preset=&#8221;default&#8221; text_text_color=&#8221;#bababa&#8221; text_font_size=&#8221;10px&#8221; global_colors_info=&#8221;{}&#8221;]<\/p>\n<p>&nbsp;<\/p>\n<p>Tekst pochodzi z:&nbsp;https:\/\/pollencap.com\/latest-news\/bik-group-completes-the-acquisition-of-punkta\/<\/p>\n<p>[\/et_pb_text][\/et_pb_column][\/et_pb_row][\/et_pb_section][et_pb_section fb_built=&#8221;1&#8243; admin_label=&#8221;Services&#8221; _builder_version=&#8221;4.5.0&#8243; background_color=&#8221;#efefef&#8221; custom_padding=&#8221;35px|0px|35px|0px||&#8221; global_module=&#8221;60&#8243; global_colors_info=&#8221;{}&#8221;][et_pb_row column_structure=&#8221;1_3,1_3,1_3&#8243; _builder_version=&#8221;3.25&#8243; background_size=&#8221;initial&#8221; background_position=&#8221;top_left&#8221; background_repeat=&#8221;repeat&#8221; custom_padding=&#8221;|||&#8221; global_colors_info=&#8221;{}&#8221;][et_pb_column type=&#8221;1_3&#8243; _builder_version=&#8221;3.25&#8243; background_position=&#8221;top_left&#8221; custom_padding=&#8221;|||&#8221; global_colors_info=&#8221;{}&#8221; custom_padding__hover=&#8221;|||&#8221;][et_pb_number_counter title=&#8221;Zako\u0144czone projekty i transakcje inwestycyjne&#8221; number=&#8221;50+&#8221; percent_sign=&#8221;off&#8221; _builder_version=&#8221;4.5.0&#8243; _module_preset=&#8221;default&#8221; global_colors_info=&#8221;{}&#8221;][\/et_pb_number_counter][\/et_pb_column][et_pb_column type=&#8221;1_3&#8243; _builder_version=&#8221;3.25&#8243; background_position=&#8221;top_left&#8221; custom_padding=&#8221;|||&#8221; global_colors_info=&#8221;{}&#8221; custom_padding__hover=&#8221;|||&#8221;][et_pb_number_counter title=&#8221;Milion\u00f3w Euro zaaran\u017cowanego kapita\u0142u&#8221; number=&#8221;250+&#8221; percent_sign=&#8221;off&#8221; _builder_version=&#8221;4.5.0&#8243; _module_preset=&#8221;default&#8221; global_colors_info=&#8221;{}&#8221;][\/et_pb_number_counter][\/et_pb_column][et_pb_column type=&#8221;1_3&#8243; _builder_version=&#8221;3.25&#8243; background_position=&#8221;top_left&#8221; custom_padding=&#8221;|||&#8221; global_colors_info=&#8221;{}&#8221; custom_padding__hover=&#8221;|||&#8221;][et_pb_number_counter title=&#8221;Klient\u00f3w i partner\u00f3w&#8221; number=&#8221;500+&#8221; percent_sign=&#8221;off&#8221; _builder_version=&#8221;4.5.0&#8243; _module_preset=&#8221;default&#8221; global_colors_info=&#8221;{}&#8221;][\/et_pb_number_counter][\/et_pb_column][\/et_pb_row][\/et_pb_section][et_pb_section fb_built=&#8221;1&#8243; _builder_version=&#8221;4.5.0&#8243; _module_preset=&#8221;default&#8221; custom_padding=&#8221;2px||6px|||&#8221; global_module=&#8221;62&#8243; global_colors_info=&#8221;{}&#8221;][et_pb_row column_structure=&#8221;1_2,1_2&#8243; _builder_version=&#8221;4.5.0&#8243; _module_preset=&#8221;default&#8221; global_colors_info=&#8221;{}&#8221;][et_pb_column type=&#8221;1_2&#8243; _builder_version=&#8221;4.5.0&#8243; _module_preset=&#8221;default&#8221; global_colors_info=&#8221;{}&#8221;][et_pb_image src=&#8221;https:\/\/dfcm.eu\/wp-content\/uploads\/2020\/07\/1-1.jpg&#8221; title_text=&#8221;1&#8243; _builder_version=&#8221;4.5.0&#8243; _module_preset=&#8221;default&#8221; global_colors_info=&#8221;{}&#8221;][\/et_pb_image][\/et_pb_column][et_pb_column type=&#8221;1_2&#8243; _builder_version=&#8221;4.5.0&#8243; _module_preset=&#8221;default&#8221; global_colors_info=&#8221;{}&#8221;][et_pb_image src=&#8221;https:\/\/dfcm.eu\/wp-content\/uploads\/2020\/07\/2.jpg&#8221; title_text=&#8221;2&#8243; _builder_version=&#8221;4.5.0&#8243; _module_preset=&#8221;default&#8221; global_colors_info=&#8221;{}&#8221;][\/et_pb_image][\/et_pb_column][\/et_pb_row][et_pb_row column_structure=&#8221;1_2,1_2&#8243; _builder_version=&#8221;4.5.0&#8243; _module_preset=&#8221;default&#8221; global_colors_info=&#8221;{}&#8221;][et_pb_column type=&#8221;1_2&#8243; _builder_version=&#8221;4.5.0&#8243; _module_preset=&#8221;default&#8221; global_colors_info=&#8221;{}&#8221;][et_pb_image src=&#8221;https:\/\/dfcm.eu\/wp-content\/uploads\/2020\/07\/3-1.jpg&#8221; title_text=&#8221;3&#8243; _builder_version=&#8221;4.5.0&#8243; _module_preset=&#8221;default&#8221; global_colors_info=&#8221;{}&#8221;][\/et_pb_image][\/et_pb_column][et_pb_column type=&#8221;1_2&#8243; _builder_version=&#8221;4.5.0&#8243; _module_preset=&#8221;default&#8221; global_colors_info=&#8221;{}&#8221;][et_pb_image src=&#8221;https:\/\/dfcm.eu\/wp-content\/uploads\/2020\/07\/4.jpg&#8221; title_text=&#8221;4&#8243; _builder_version=&#8221;4.5.0&#8243; _module_preset=&#8221;default&#8221; global_colors_info=&#8221;{}&#8221;][\/et_pb_image][\/et_pb_column][\/et_pb_row][\/et_pb_section][et_pb_section fb_built=&#8221;1&#8243; admin_label=&#8221;Footer&#8221; module_id=&#8221;kontakt&#8221; _builder_version=&#8221;4.5.0&#8243; background_color=&#8221;#004a89&#8243; background_enable_image=&#8221;off&#8221; parallax=&#8221;on&#8221; custom_padding=&#8221;90px||90px|&#8221; global_module=&#8221;61&#8243; saved_tabs=&#8221;all&#8221; global_colors_info=&#8221;{}&#8221;][et_pb_row column_structure=&#8221;1_3,2_3&#8243; use_custom_gutter=&#8221;on&#8221; gutter_width=&#8221;2&#8243; make_equal=&#8221;on&#8221; _builder_version=&#8221;3.25&#8243; background_size=&#8221;initial&#8221; background_position=&#8221;top_left&#8221; background_repeat=&#8221;repeat&#8221; custom_padding=&#8221;|||&#8221; global_colors_info=&#8221;{}&#8221;][et_pb_column type=&#8221;1_3&#8243; _builder_version=&#8221;3.25&#8243; background_color=&#8221;#ffffff&#8221; background_position=&#8221;top_left&#8221; custom_padding=&#8221;50px|40px|50px|40px&#8221; global_colors_info=&#8221;{}&#8221; custom_padding__hover=&#8221;|||&#8221;][et_pb_text admin_label=&#8221;Contact US Title&#8221; _builder_version=&#8221;4.5.0&#8243; text_font_size=&#8221;16px&#8221; header_font=&#8221;Montserrat||||&#8221; header_text_color=&#8221;#000000&#8243; header_font_size=&#8221;22px&#8221; custom_padding=&#8221;0px|0px|0px|0px&#8221; animation_style=&#8221;fold&#8221; animation_direction=&#8221;bottom&#8221; animation_intensity_fold=&#8221;20%&#8221; global_colors_info=&#8221;{}&#8221;]<\/p>\n<h1>Contact us<\/h1>\n<p>[\/et_pb_text][et_pb_text admin_label=&#8221;Contact US Text&#8221; _builder_version=&#8221;4.5.0&#8243; text_text_color=&#8221;#000000&#8243; text_font_size=&#8221;16px&#8221; text_line_height=&#8221;1.8em&#8221; header_font=&#8221;||||&#8221; header_text_color=&#8221;#1f1f1f&#8221; custom_margin=&#8221;20px||30px|||&#8221; custom_padding=&#8221;0px|0px|0px|0px&#8221; animation_style=&#8221;fold&#8221; animation_direction=&#8221;bottom&#8221; animation_intensity_fold=&#8221;20%&#8221; global_colors_info=&#8221;{}&#8221;]<\/p>\n<p style=\"text-align: justify;\">If you have questions related to our company or services that we provide, please contact us.<\/p>\n<p>[\/et_pb_text][et_pb_blurb use_icon=&#8221;on&#8221; font_icon=&#8221;%%249%%&#8221; icon_placement=&#8221;left&#8221; use_icon_font_size=&#8221;on&#8221; icon_font_size=&#8221;28px&#8221; icon_font_size_last_edited=&#8221;off|desktop&#8221; admin_label=&#8221;Address&#8221; _builder_version=&#8221;4.10.6&#8243; body_text_color=&#8221;#000000&#8243; body_font_size=&#8221;16px&#8221; custom_margin=&#8221;||20px|||&#8221; animation_style=&#8221;fold&#8221; animation_direction=&#8221;bottom&#8221; animation_intensity_fold=&#8221;20%&#8221; global_colors_info=&#8221;{}&#8221;]<\/p>\n<p><span>Plac Trzech Krzy\u017cy 10\/14<\/span><br \/><span>00-535 Warsaw, Poland<\/span><\/p>\n<p>[\/et_pb_blurb][et_pb_blurb url_new_window=&#8221;on&#8221; use_icon=&#8221;on&#8221; font_icon=&#8221;%%301%%&#8221; icon_placement=&#8221;left&#8221; use_icon_font_size=&#8221;on&#8221; icon_font_size=&#8221;28px&#8221; icon_font_size_last_edited=&#8221;off|desktop&#8221; _builder_version=&#8221;4.10.6&#8243; body_text_color=&#8221;#000000&#8243; body_font_size=&#8221;16px&#8221; custom_margin=&#8221;||23px|||&#8221; animation_style=&#8221;fold&#8221; animation_direction=&#8221;bottom&#8221; animation_intensity_fold=&#8221;20%&#8221; link_option_url=&#8221;https:\/\/www.linkedin.com\/company\/df-capital-management\/mycompany\/&#8221; global_colors_info=&#8221;{}&#8221;]<\/p>\n<p>LinkedIn<\/p>\n<p>[\/et_pb_blurb][et_pb_blurb use_icon=&#8221;on&#8221; font_icon=&#8221;%%238%%&#8221; icon_placement=&#8221;left&#8221; use_icon_font_size=&#8221;on&#8221; icon_font_size=&#8221;28px&#8221; icon_font_size_last_edited=&#8221;off|desktop&#8221; admin_label=&#8221;Email&#8221; _builder_version=&#8221;4.5.0&#8243; body_text_color=&#8221;#000000&#8243; body_font_size=&#8221;16px&#8221; custom_margin=&#8221;|||&#8221; animation_style=&#8221;fold&#8221; animation_direction=&#8221;bottom&#8221; animation_intensity_fold=&#8221;20%&#8221; link_option_url=&#8221;mailto:j.dabrowski@dfcm.eu&#8221; global_colors_info=&#8221;{}&#8221;]<\/p>\n<p>j.dabrowski@dfcm.eu<\/p>\n<p>[\/et_pb_blurb][et_pb_social_media_follow _builder_version=&#8221;3.0.87&#8243; global_colors_info=&#8221;{}&#8221;][\/et_pb_social_media_follow][\/et_pb_column][et_pb_column type=&#8221;2_3&#8243; _builder_version=&#8221;3.25&#8243; background_color=&#8221;#ffffff&#8221; background_position=&#8221;top_left&#8221; custom_padding=&#8221;50px|40px|50px|40px&#8221; global_colors_info=&#8221;{}&#8221; custom_padding__hover=&#8221;|||&#8221;][et_pb_image src=&#8221;https:\/\/dfcm.eu\/wp-content\/uploads\/2021\/08\/warszawa_s.png&#8221; title_text=&#8221;warszawa_s&#8221; _builder_version=&#8221;4.10.6&#8243; _module_preset=&#8221;default&#8221; global_colors_info=&#8221;{}&#8221;][\/et_pb_image][\/et_pb_column][\/et_pb_row][\/et_pb_section]<\/p>","protected":false},"excerpt":{"rendered":"<p>BIK finalizuje przej\u0119cie Punkta Pollen Street Capital ma przyjemno\u015b\u0107 poinformowa\u0107, \u017ce BIK naby\u0142 Punkta, wiod\u0105c\u0105 internetow\u0105 platform\u0119 por\u00f3wnawcz\u0105 skupion\u0105 na ubezpieczeniach komunikacyjnych i innych ubezpieczeniach osobowych w Polsce.Punkta, kt\u00f3ra dzia\u0142a r\u00f3wnie\u017c jako mFind, zosta\u0142a uruchomiona w 2015 roku i sta\u0142a si\u0119 wiod\u0105cym graczem na swoim rynku, oferuj\u0105c konsumentom mo\u017cliwo\u015b\u0107 wyszukiwania, por\u00f3wnywania i kupowania produkt\u00f3w ubezpieczeniowych [&hellip;]<\/p>","protected":false},"author":3,"featured_media":0,"parent":55,"menu_order":0,"comment_status":"closed","ping_status":"closed","template":"","meta":{"_et_pb_use_builder":"on","_et_pb_old_content":"","_et_gb_content_width":"","footnotes":""},"class_list":["post-216","page","type-page","status-publish","hentry"],"_links":{"self":[{"href":"https:\/\/dfcm.eu\/en\/wp-json\/wp\/v2\/pages\/216","targetHints":{"allow":["GET"]}}],"collection":[{"href":"https:\/\/dfcm.eu\/en\/wp-json\/wp\/v2\/pages"}],"about":[{"href":"https:\/\/dfcm.eu\/en\/wp-json\/wp\/v2\/types\/page"}],"author":[{"embeddable":true,"href":"https:\/\/dfcm.eu\/en\/wp-json\/wp\/v2\/users\/3"}],"replies":[{"embeddable":true,"href":"https:\/\/dfcm.eu\/en\/wp-json\/wp\/v2\/comments?post=216"}],"version-history":[{"count":13,"href":"https:\/\/dfcm.eu\/en\/wp-json\/wp\/v2\/pages\/216\/revisions"}],"predecessor-version":[{"id":387,"href":"https:\/\/dfcm.eu\/en\/wp-json\/wp\/v2\/pages\/216\/revisions\/387"}],"up":[{"embeddable":true,"href":"https:\/\/dfcm.eu\/en\/wp-json\/wp\/v2\/pages\/55"}],"wp:attachment":[{"href":"https:\/\/dfcm.eu\/en\/wp-json\/wp\/v2\/media?parent=216"}],"curies":[{"name":"wp","href":"https:\/\/api.w.org\/{rel}","templated":true}]}}